{"id":4931,"date":"2025-08-15T16:12:52","date_gmt":"2025-08-16T02:12:52","guid":{"rendered":"https:\/\/www.tahitiplaisirs.com\/?post_type=product&#038;p=4931"},"modified":"2026-03-21T14:11:15","modified_gmt":"2026-03-22T00:11:15","slug":"stimulateur-pro-2-generation-2","status":"publish","type":"product","link":"https:\/\/www.tahitiplaisirs.com\/en\/product\/stimulateur-pro-2-generation-2\/","title":{"rendered":"Stimulateur Pro 2 g\u00e9n\u00e9ration 2"},"content":{"rendered":"","protected":false},"excerpt":{"rendered":"<p>Stimulateur Pro 2 g\u00e9n\u00e9ration 2 de Satisfyer<\/p>\n<p>La stimulation clitoridienne du Satisfyer Pro 2 fonctionne par ondes de pression.<\/p>\n<p>Il suffit d\u2019apposer l\u2019embout en silicone pour que le stimulateur souffle sur le clitoris.<\/p>\n<p>Les 11 modes de vibrations sont accessibles \u00e0 l\u2019aide de boutons +\/-.<\/p>\n<p>Son design ergonomique facilite l\u2019acc\u00e8s aux boutons avec une seule main, sans effort.<\/p>","protected":false},"featured_media":7388,"template":"","meta":[],"product_brand":[],"product_cat":[63,47,48],"product_tag":[],"class_list":{"0":"post-4931","1":"product","2":"type-product","3":"status-publish","4":"has-post-thumbnail","6":"product_cat-pour-elle","7":"product_cat-sextoys","8":"product_cat-stimulateurs-clitoridiens","11":"outofstock","12":"taxable","13":"shipping-taxable","14":"purchasable","15":"product-type-simple","16":"product-grid-view"},"_links":{"self":[{"href":"https:\/\/www.tahitiplaisirs.com\/en\/wp-json\/wp\/v2\/product\/4931","targetHints":{"allow":["GET"]}}],"collection":[{"href":"https:\/\/www.tahitiplaisirs.com\/en\/wp-json\/wp\/v2\/product"}],"about":[{"href":"https:\/\/www.tahitiplaisirs.com\/en\/wp-json\/wp\/v2\/types\/product"}],"version-history":[{"count":2,"href":"https:\/\/www.tahitiplaisirs.com\/en\/wp-json\/wp\/v2\/product\/4931\/revisions"}],"predecessor-version":[{"id":9490,"href":"https:\/\/www.tahitiplaisirs.com\/en\/wp-json\/wp\/v2\/product\/4931\/revisions\/9490"}],"wp:featuredmedia":[{"embeddable":true,"href":"https:\/\/www.tahitiplaisirs.com\/en\/wp-json\/wp\/v2\/media\/7388"}],"wp:attachment":[{"href":"https:\/\/www.tahitiplaisirs.com\/en\/wp-json\/wp\/v2\/media?parent=4931"}],"wp:term":[{"taxonomy":"product_brand","embeddable":true,"href":"https:\/\/www.tahitiplaisirs.com\/en\/wp-json\/wp\/v2\/product_brand?post=4931"},{"taxonomy":"product_cat","embeddable":true,"href":"https:\/\/www.tahitiplaisirs.com\/en\/wp-json\/wp\/v2\/product_cat?post=4931"},{"taxonomy":"product_tag","embeddable":true,"href":"https:\/\/www.tahitiplaisirs.com\/en\/wp-json\/wp\/v2\/product_tag?post=4931"}],"curies":[{"name":"wp","href":"https:\/\/api.w.org\/{rel}","templated":true}]}}