{"id":4936,"date":"2025-08-15T16:12:52","date_gmt":"2025-08-16T02:12:52","guid":{"rendered":"https:\/\/www.tahitiplaisirs.com\/?post_type=product&#038;p=4936"},"modified":"2026-03-21T14:11:08","modified_gmt":"2026-03-22T00:11:08","slug":"tienesy-thong-2xl-3xl","status":"publish","type":"product","link":"https:\/\/www.tahitiplaisirs.com\/en\/product\/tienesy-thong-2xl-3xl\/","title":{"rendered":"Tienesy thong 2XL\/3XL"},"content":{"rendered":"","protected":false},"excerpt":{"rendered":"<p>Tienesy thong 2XL\/3XL de Obsessive<\/p>\n<p>String noir transparent avec une large ceinture en satin rouge.<\/p>\n<p>Mati\u00e8re agr\u00e9able au toucher et \u00e9lastique (90% polyamide, 10% \u00e9lasthanne).<\/p>","protected":false},"featured_media":9551,"template":"","meta":[],"product_brand":[92],"product_cat":[73,80],"product_tag":[],"class_list":{"0":"post-4936","1":"product","2":"type-product","3":"status-publish","4":"has-post-thumbnail","6":"product_brand-obsessive","7":"product_cat-lingerie-sexy","8":"product_cat-strings-culottes-et-tangas","11":"instock","12":"taxable","13":"shipping-taxable","14":"purchasable","15":"product-type-simple","16":"product-grid-view"},"_links":{"self":[{"href":"https:\/\/www.tahitiplaisirs.com\/en\/wp-json\/wp\/v2\/product\/4936","targetHints":{"allow":["GET"]}}],"collection":[{"href":"https:\/\/www.tahitiplaisirs.com\/en\/wp-json\/wp\/v2\/product"}],"about":[{"href":"https:\/\/www.tahitiplaisirs.com\/en\/wp-json\/wp\/v2\/types\/product"}],"version-history":[{"count":2,"href":"https:\/\/www.tahitiplaisirs.com\/en\/wp-json\/wp\/v2\/product\/4936\/revisions"}],"predecessor-version":[{"id":9554,"href":"https:\/\/www.tahitiplaisirs.com\/en\/wp-json\/wp\/v2\/product\/4936\/revisions\/9554"}],"wp:featuredmedia":[{"embeddable":true,"href":"https:\/\/www.tahitiplaisirs.com\/en\/wp-json\/wp\/v2\/media\/9551"}],"wp:attachment":[{"href":"https:\/\/www.tahitiplaisirs.com\/en\/wp-json\/wp\/v2\/media?parent=4936"}],"wp:term":[{"taxonomy":"product_brand","embeddable":true,"href":"https:\/\/www.tahitiplaisirs.com\/en\/wp-json\/wp\/v2\/product_brand?post=4936"},{"taxonomy":"product_cat","embeddable":true,"href":"https:\/\/www.tahitiplaisirs.com\/en\/wp-json\/wp\/v2\/product_cat?post=4936"},{"taxonomy":"product_tag","embeddable":true,"href":"https:\/\/www.tahitiplaisirs.com\/en\/wp-json\/wp\/v2\/product_tag?post=4936"}],"curies":[{"name":"wp","href":"https:\/\/api.w.org\/{rel}","templated":true}]}}