{"id":4943,"date":"2025-08-15T16:12:52","date_gmt":"2025-08-16T02:12:52","guid":{"rendered":"https:\/\/www.tahitiplaisirs.com\/?post_type=product&#038;p=4943"},"modified":"2026-04-11T11:41:05","modified_gmt":"2026-04-11T21:41:05","slug":"plug-bijou-violet-medium","status":"publish","type":"product","link":"https:\/\/www.tahitiplaisirs.com\/en\/product\/plug-bijou-violet-medium\/","title":{"rendered":"Plug bijou violet medium"},"content":{"rendered":"","protected":false},"excerpt":{"rendered":"<p>Plug bijou violet en aluminium Medium de Secret Play<\/p>\n<p>Superbe plug en aluminium chrom\u00e9 chirurgical argent\u00e9 extra lisse et doux avec bijou strass violet.<\/p>\n<p>Ce mod\u00e8le p\u00e8se 88 grammes pour une longueur de 8,5 cm et un diam\u00e8tre de 3,5 cm au plus large.<\/p>\n<p>Livr\u00e9 dans sa boite avec un sac de rangement.<\/p>","protected":false},"featured_media":7784,"template":"","meta":[],"product_brand":[91],"product_cat":[62,47],"product_tag":[],"class_list":{"0":"post-4943","1":"product","2":"type-product","3":"status-publish","4":"has-post-thumbnail","6":"product_brand-secret-play","7":"product_cat-plaisir-anal","8":"product_cat-sextoys","11":"instock","12":"taxable","13":"shipping-taxable","14":"purchasable","15":"product-type-simple","16":"product-grid-view"},"_links":{"self":[{"href":"https:\/\/www.tahitiplaisirs.com\/en\/wp-json\/wp\/v2\/product\/4943","targetHints":{"allow":["GET"]}}],"collection":[{"href":"https:\/\/www.tahitiplaisirs.com\/en\/wp-json\/wp\/v2\/product"}],"about":[{"href":"https:\/\/www.tahitiplaisirs.com\/en\/wp-json\/wp\/v2\/types\/product"}],"version-history":[{"count":1,"href":"https:\/\/www.tahitiplaisirs.com\/en\/wp-json\/wp\/v2\/product\/4943\/revisions"}],"predecessor-version":[{"id":4973,"href":"https:\/\/www.tahitiplaisirs.com\/en\/wp-json\/wp\/v2\/product\/4943\/revisions\/4973"}],"wp:featuredmedia":[{"embeddable":true,"href":"https:\/\/www.tahitiplaisirs.com\/en\/wp-json\/wp\/v2\/media\/7784"}],"wp:attachment":[{"href":"https:\/\/www.tahitiplaisirs.com\/en\/wp-json\/wp\/v2\/media?parent=4943"}],"wp:term":[{"taxonomy":"product_brand","embeddable":true,"href":"https:\/\/www.tahitiplaisirs.com\/en\/wp-json\/wp\/v2\/product_brand?post=4943"},{"taxonomy":"product_cat","embeddable":true,"href":"https:\/\/www.tahitiplaisirs.com\/en\/wp-json\/wp\/v2\/product_cat?post=4943"},{"taxonomy":"product_tag","embeddable":true,"href":"https:\/\/www.tahitiplaisirs.com\/en\/wp-json\/wp\/v2\/product_tag?post=4943"}],"curies":[{"name":"wp","href":"https:\/\/api.w.org\/{rel}","templated":true}]}}