{"id":4944,"date":"2025-08-15T16:12:52","date_gmt":"2025-08-16T02:12:52","guid":{"rendered":"https:\/\/www.tahitiplaisirs.com\/?post_type=product&#038;p=4944"},"modified":"2026-03-21T14:11:08","modified_gmt":"2026-03-22T00:11:08","slug":"plug-bijou-bleu-medium","status":"publish","type":"product","link":"https:\/\/www.tahitiplaisirs.com\/en\/product\/plug-bijou-bleu-medium\/","title":{"rendered":"Plug bijou bleu medium"},"content":{"rendered":"","protected":false},"excerpt":{"rendered":"<p>Plug bijou bleu en aluminium Medium de Secret Play<\/p>\n<p>Superbe plug en aluminium chrom\u00e9 chirurgical argent\u00e9 extra lisse et doux avec bijou strass bleu.<\/p>\n<p>Ce mod\u00e8le p\u00e8se 88 grammes pour une longueur de 8,5 cm et un diam\u00e8tre de 3,5 cm au plus large.<\/p>\n<p>Livr\u00e9 dans sa boite avec un sac de rangement.<\/p>","protected":false},"featured_media":7782,"template":"","meta":[],"product_brand":[91],"product_cat":[62,47],"product_tag":[],"class_list":{"0":"post-4944","1":"product","2":"type-product","3":"status-publish","4":"has-post-thumbnail","6":"product_brand-secret-play","7":"product_cat-plaisir-anal","8":"product_cat-sextoys","11":"instock","12":"taxable","13":"shipping-taxable","14":"purchasable","15":"product-type-simple","16":"product-grid-view"},"_links":{"self":[{"href":"https:\/\/www.tahitiplaisirs.com\/en\/wp-json\/wp\/v2\/product\/4944","targetHints":{"allow":["GET"]}}],"collection":[{"href":"https:\/\/www.tahitiplaisirs.com\/en\/wp-json\/wp\/v2\/product"}],"about":[{"href":"https:\/\/www.tahitiplaisirs.com\/en\/wp-json\/wp\/v2\/types\/product"}],"version-history":[{"count":1,"href":"https:\/\/www.tahitiplaisirs.com\/en\/wp-json\/wp\/v2\/product\/4944\/revisions"}],"predecessor-version":[{"id":4974,"href":"https:\/\/www.tahitiplaisirs.com\/en\/wp-json\/wp\/v2\/product\/4944\/revisions\/4974"}],"wp:featuredmedia":[{"embeddable":true,"href":"https:\/\/www.tahitiplaisirs.com\/en\/wp-json\/wp\/v2\/media\/7782"}],"wp:attachment":[{"href":"https:\/\/www.tahitiplaisirs.com\/en\/wp-json\/wp\/v2\/media?parent=4944"}],"wp:term":[{"taxonomy":"product_brand","embeddable":true,"href":"https:\/\/www.tahitiplaisirs.com\/en\/wp-json\/wp\/v2\/product_brand?post=4944"},{"taxonomy":"product_cat","embeddable":true,"href":"https:\/\/www.tahitiplaisirs.com\/en\/wp-json\/wp\/v2\/product_cat?post=4944"},{"taxonomy":"product_tag","embeddable":true,"href":"https:\/\/www.tahitiplaisirs.com\/en\/wp-json\/wp\/v2\/product_tag?post=4944"}],"curies":[{"name":"wp","href":"https:\/\/api.w.org\/{rel}","templated":true}]}}