{"id":4947,"date":"2025-08-15T16:12:52","date_gmt":"2025-08-16T02:12:52","guid":{"rendered":"https:\/\/www.tahitiplaisirs.com\/?post_type=product&#038;p=4947"},"modified":"2026-03-21T14:11:04","modified_gmt":"2026-03-22T00:11:04","slug":"gode-the-home-stretch-noir-495mm","status":"publish","type":"product","link":"https:\/\/www.tahitiplaisirs.com\/en\/product\/gode-the-home-stretch-noir-495mm\/","title":{"rendered":"Gode The Home Stretch 495mm"},"content":{"rendered":"","protected":false},"excerpt":{"rendered":"<p>Gode The Home Stretch noir 49,5cm de All Black Steroid<\/p>\n<p>Avec un design en tire-bouchon stri\u00e9 et une extr\u00e9mit\u00e9 effil\u00e9e, le Home Stretch est destin\u00e9 \u00e0 l&rsquo;athl\u00e8te ultime.<\/p>\n<p>Long de 49,5cm, large de 9,6cm et pesant pas moins de 2kg avec une base plate, ce dildo promet des sensations tr\u00e8s intenses.<\/p>\n<p>Ce dildo est fabriqu\u00e9 en Belgique, il ne contient pas de phtalate ni de cadmium et il est sans danger pour le corps.<\/p>\n<p>Mati\u00e8re : FLEXXX &#8211; \u00c9lastom\u00e8re thermoplastique \u2013 Huile de qualit\u00e9 m\u00e9dicale \u2013 Huile de silicone<\/p>","protected":false},"featured_media":7646,"template":"","meta":[],"product_brand":[],"product_cat":[53,47],"product_tag":[],"class_list":{"0":"post-4947","1":"product","2":"type-product","3":"status-publish","4":"has-post-thumbnail","6":"product_cat-godemichets","7":"product_cat-sextoys","10":"instock","11":"taxable","12":"shipping-taxable","13":"purchasable","14":"product-type-simple","15":"product-grid-view"},"_links":{"self":[{"href":"https:\/\/www.tahitiplaisirs.com\/en\/wp-json\/wp\/v2\/product\/4947","targetHints":{"allow":["GET"]}}],"collection":[{"href":"https:\/\/www.tahitiplaisirs.com\/en\/wp-json\/wp\/v2\/product"}],"about":[{"href":"https:\/\/www.tahitiplaisirs.com\/en\/wp-json\/wp\/v2\/types\/product"}],"version-history":[{"count":2,"href":"https:\/\/www.tahitiplaisirs.com\/en\/wp-json\/wp\/v2\/product\/4947\/revisions"}],"predecessor-version":[{"id":7659,"href":"https:\/\/www.tahitiplaisirs.com\/en\/wp-json\/wp\/v2\/product\/4947\/revisions\/7659"}],"wp:featuredmedia":[{"embeddable":true,"href":"https:\/\/www.tahitiplaisirs.com\/en\/wp-json\/wp\/v2\/media\/7646"}],"wp:attachment":[{"href":"https:\/\/www.tahitiplaisirs.com\/en\/wp-json\/wp\/v2\/media?parent=4947"}],"wp:term":[{"taxonomy":"product_brand","embeddable":true,"href":"https:\/\/www.tahitiplaisirs.com\/en\/wp-json\/wp\/v2\/product_brand?post=4947"},{"taxonomy":"product_cat","embeddable":true,"href":"https:\/\/www.tahitiplaisirs.com\/en\/wp-json\/wp\/v2\/product_cat?post=4947"},{"taxonomy":"product_tag","embeddable":true,"href":"https:\/\/www.tahitiplaisirs.com\/en\/wp-json\/wp\/v2\/product_tag?post=4947"}],"curies":[{"name":"wp","href":"https:\/\/api.w.org\/{rel}","templated":true}]}}