{"id":4986,"date":"2025-08-15T16:12:56","date_gmt":"2025-08-16T02:12:56","guid":{"rendered":"https:\/\/www.tahitiplaisirs.com\/?post_type=product&#038;p=4986"},"modified":"2026-04-10T10:29:17","modified_gmt":"2026-04-10T20:29:17","slug":"fouet-blanc-blaze-elite","status":"publish","type":"product","link":"https:\/\/www.tahitiplaisirs.com\/en\/product\/fouet-blanc-blaze-elite\/","title":{"rendered":"Fouet blanc Blaze Elite"},"content":{"rendered":"","protected":false},"excerpt":{"rendered":"<p>Fouet blanc\u00a0 de Blaze Elite<\/p>\n<p><span style=\"font-family: Arial;\"><span dir=\"auto\">Fouet blanc avec des lani\u00e8res de 30cm imitation cuir.<\/span><\/span><\/p>\n<p><span style=\"font-family: Arial;\"><span dir=\"auto\">Ce fouet en simili cuir est dot\u00e9 d&rsquo;une poign\u00e9e robuste et ergonomique et d&rsquo;une dragonne pratique.<\/span><\/span><\/p>\n<p><span dir=\"auto\">Sa couleur blanche en fait un accessoire \u00e9l\u00e9gant pour les adeptes du BDSM.<\/span><\/p>\n<p><span dir=\"auto\">Caract\u00e9ristiques : poign\u00e9e r\u00e9sistante et durable avec dragonne de 30cm en similicuir blanc<\/span><\/p>","protected":false},"featured_media":10944,"template":"","meta":[],"product_brand":[],"product_cat":[58,72],"product_tag":[],"class_list":{"0":"post-4986","1":"product","2":"type-product","3":"status-publish","4":"has-post-thumbnail","6":"product_cat-bdsm","7":"product_cat-fouets-cravaches-tapettes","10":"instock","11":"taxable","12":"shipping-taxable","13":"purchasable","14":"product-type-simple","15":"product-grid-view"},"_links":{"self":[{"href":"https:\/\/www.tahitiplaisirs.com\/en\/wp-json\/wp\/v2\/product\/4986","targetHints":{"allow":["GET"]}}],"collection":[{"href":"https:\/\/www.tahitiplaisirs.com\/en\/wp-json\/wp\/v2\/product"}],"about":[{"href":"https:\/\/www.tahitiplaisirs.com\/en\/wp-json\/wp\/v2\/types\/product"}],"version-history":[{"count":3,"href":"https:\/\/www.tahitiplaisirs.com\/en\/wp-json\/wp\/v2\/product\/4986\/revisions"}],"predecessor-version":[{"id":10946,"href":"https:\/\/www.tahitiplaisirs.com\/en\/wp-json\/wp\/v2\/product\/4986\/revisions\/10946"}],"wp:featuredmedia":[{"embeddable":true,"href":"https:\/\/www.tahitiplaisirs.com\/en\/wp-json\/wp\/v2\/media\/10944"}],"wp:attachment":[{"href":"https:\/\/www.tahitiplaisirs.com\/en\/wp-json\/wp\/v2\/media?parent=4986"}],"wp:term":[{"taxonomy":"product_brand","embeddable":true,"href":"https:\/\/www.tahitiplaisirs.com\/en\/wp-json\/wp\/v2\/product_brand?post=4986"},{"taxonomy":"product_cat","embeddable":true,"href":"https:\/\/www.tahitiplaisirs.com\/en\/wp-json\/wp\/v2\/product_cat?post=4986"},{"taxonomy":"product_tag","embeddable":true,"href":"https:\/\/www.tahitiplaisirs.com\/en\/wp-json\/wp\/v2\/product_tag?post=4986"}],"curies":[{"name":"wp","href":"https:\/\/api.w.org\/{rel}","templated":true}]}}