{"id":4991,"date":"2025-09-26T14:14:56","date_gmt":"2025-09-27T00:14:56","guid":{"rendered":"https:\/\/www.tahitiplaisirs.com\/?post_type=product&#038;p=4991"},"modified":"2026-03-21T14:10:17","modified_gmt":"2026-03-22T00:10:17","slug":"wand-smart-2-medium-aqua","status":"publish","type":"product","link":"https:\/\/www.tahitiplaisirs.com\/en\/product\/wand-smart-2-medium-aqua\/","title":{"rendered":"Smart Wand 2 Medium aqua"},"content":{"rendered":"","protected":false},"excerpt":{"rendered":"<p>Smart Wand 2 Medium aqua de Lelo<\/p>\n<p>Lib\u00e9rez les tensions de votre corps, oubliez le stress et canalisez l&rsquo;\u00e9nergie sexuelle vers une exp\u00e9rience orgasmique holistique avec le Smart Wand 2, le masseur ultime pour tout le corps !<\/p>\n<p>Smart Wand 2 est un masseur en silicone premium extra doux sans danger pour le corps et proposant dix mode de vibration pour aider \u00e0 d\u00e9tendre les muscles et \u00e0 am\u00e9liorer les sensations dans n&rsquo;importe quelle partie de votre corps.<\/p>\n<p>C&rsquo;est un puissant masseur avec une poign\u00e9e plus ferme, il est dot\u00e9 d&rsquo;une batterie qui offre une dur\u00e9e de vie plus longue par charge et facile \u00e0 nettoyer.<\/p>","protected":false},"featured_media":9118,"template":"","meta":[],"product_brand":[145],"product_cat":[63,47,48],"product_tag":[],"class_list":{"0":"post-4991","1":"product","2":"type-product","3":"status-publish","4":"has-post-thumbnail","6":"product_brand-lelo","7":"product_cat-pour-elle","8":"product_cat-sextoys","9":"product_cat-stimulateurs-clitoridiens","12":"instock","13":"taxable","14":"shipping-taxable","15":"purchasable","16":"product-type-simple","17":"product-grid-view"},"_links":{"self":[{"href":"https:\/\/www.tahitiplaisirs.com\/en\/wp-json\/wp\/v2\/product\/4991","targetHints":{"allow":["GET"]}}],"collection":[{"href":"https:\/\/www.tahitiplaisirs.com\/en\/wp-json\/wp\/v2\/product"}],"about":[{"href":"https:\/\/www.tahitiplaisirs.com\/en\/wp-json\/wp\/v2\/types\/product"}],"version-history":[{"count":4,"href":"https:\/\/www.tahitiplaisirs.com\/en\/wp-json\/wp\/v2\/product\/4991\/revisions"}],"predecessor-version":[{"id":9126,"href":"https:\/\/www.tahitiplaisirs.com\/en\/wp-json\/wp\/v2\/product\/4991\/revisions\/9126"}],"wp:featuredmedia":[{"embeddable":true,"href":"https:\/\/www.tahitiplaisirs.com\/en\/wp-json\/wp\/v2\/media\/9118"}],"wp:attachment":[{"href":"https:\/\/www.tahitiplaisirs.com\/en\/wp-json\/wp\/v2\/media?parent=4991"}],"wp:term":[{"taxonomy":"product_brand","embeddable":true,"href":"https:\/\/www.tahitiplaisirs.com\/en\/wp-json\/wp\/v2\/product_brand?post=4991"},{"taxonomy":"product_cat","embeddable":true,"href":"https:\/\/www.tahitiplaisirs.com\/en\/wp-json\/wp\/v2\/product_cat?post=4991"},{"taxonomy":"product_tag","embeddable":true,"href":"https:\/\/www.tahitiplaisirs.com\/en\/wp-json\/wp\/v2\/product_tag?post=4991"}],"curies":[{"name":"wp","href":"https:\/\/api.w.org\/{rel}","templated":true}]}}