{"id":4993,"date":"2025-08-15T16:12:56","date_gmt":"2025-08-16T02:12:56","guid":{"rendered":"https:\/\/www.tahitiplaisirs.com\/?post_type=product&#038;p=4993"},"modified":"2026-03-28T13:02:03","modified_gmt":"2026-03-28T23:02:03","slug":"boisson-cloud9-canette-355ml","status":"publish","type":"product","link":"https:\/\/www.tahitiplaisirs.com\/en\/product\/boisson-cloud9-canette-355ml\/","title":{"rendered":"Boisson Cloud9 355ml"},"content":{"rendered":"","protected":false},"excerpt":{"rendered":"<p>Boisson Cloud9 355ml de Cloud 9<\/p>\n<p>Cloud 9 est un compl\u00e9ment nutritionnel aphrodisiaque naturel, rehausseur sensoriel.<\/p>\n<p>C\u2019est aussi une boisson \u00e9nergisante saine, enrichie de nutriments essentiels et d&rsquo;herbes qui aident \u00e0 stimuler toute personne manquant d&rsquo;\u00e9nergie et de concentration.<\/p>\n<p>Contenance : 355 ml<\/p>\n<p>Cloud 9 est \u00e0 boire tr\u00e8s frais.<\/p>\n<p>&nbsp;<\/p>\n<div dir=\"auto\"><\/div>","protected":false},"featured_media":7170,"template":"","meta":[],"product_brand":[],"product_cat":[49,71,63,51,67,55],"product_tag":[],"class_list":{"0":"post-4993","1":"product","2":"type-product","3":"status-publish","4":"has-post-thumbnail","6":"product_cat-bien-etre","7":"product_cat-pour-couple","8":"product_cat-pour-elle","9":"product_cat-pour-lui","10":"product_cat-stimulants-femmes","11":"product_cat-stimulants-hommes","14":"instock","15":"taxable","16":"shipping-taxable","17":"purchasable","18":"product-type-simple","19":"product-grid-view"},"_links":{"self":[{"href":"https:\/\/www.tahitiplaisirs.com\/en\/wp-json\/wp\/v2\/product\/4993","targetHints":{"allow":["GET"]}}],"collection":[{"href":"https:\/\/www.tahitiplaisirs.com\/en\/wp-json\/wp\/v2\/product"}],"about":[{"href":"https:\/\/www.tahitiplaisirs.com\/en\/wp-json\/wp\/v2\/types\/product"}],"version-history":[{"count":2,"href":"https:\/\/www.tahitiplaisirs.com\/en\/wp-json\/wp\/v2\/product\/4993\/revisions"}],"predecessor-version":[{"id":7172,"href":"https:\/\/www.tahitiplaisirs.com\/en\/wp-json\/wp\/v2\/product\/4993\/revisions\/7172"}],"wp:featuredmedia":[{"embeddable":true,"href":"https:\/\/www.tahitiplaisirs.com\/en\/wp-json\/wp\/v2\/media\/7170"}],"wp:attachment":[{"href":"https:\/\/www.tahitiplaisirs.com\/en\/wp-json\/wp\/v2\/media?parent=4993"}],"wp:term":[{"taxonomy":"product_brand","embeddable":true,"href":"https:\/\/www.tahitiplaisirs.com\/en\/wp-json\/wp\/v2\/product_brand?post=4993"},{"taxonomy":"product_cat","embeddable":true,"href":"https:\/\/www.tahitiplaisirs.com\/en\/wp-json\/wp\/v2\/product_cat?post=4993"},{"taxonomy":"product_tag","embeddable":true,"href":"https:\/\/www.tahitiplaisirs.com\/en\/wp-json\/wp\/v2\/product_tag?post=4993"}],"curies":[{"name":"wp","href":"https:\/\/api.w.org\/{rel}","templated":true}]}}