{"id":5003,"date":"2025-08-15T16:12:57","date_gmt":"2025-08-16T02:12:57","guid":{"rendered":"https:\/\/www.tahitiplaisirs.com\/?post_type=product&#038;p=5003"},"modified":"2026-03-21T14:10:17","modified_gmt":"2026-03-22T00:10:17","slug":"gode-dr-skin-cock-harn-8-18cm","status":"publish","type":"product","link":"https:\/\/www.tahitiplaisirs.com\/en\/product\/gode-dr-skin-cock-harn-8-18cm\/","title":{"rendered":"Gode chair Cock Harn 8&Prime; &#8211; 18cm"},"content":{"rendered":"","protected":false},"excerpt":{"rendered":"<p>Gode Cock Harn 8&Prime; &#8211; 18cm de Dr Skin<\/p>\n<p>Gode ventouse \u00e0 l&rsquo;aspect r\u00e9aliste con\u00e7u \u00e0 la fois avec une forme \u00e9paisse et courb\u00e9e.<\/p>\n<p>Il apporte des sensations intenses au fur et \u00e0 mesure de l&rsquo;insertion gr\u00e2ce \u00e0 la largeur constante de 5cm.<\/p>\n<p>La longueur ins\u00e9rable est de 18cm avec un gland sans pr\u00e9puce.<\/p>\n<p>Fabriqu\u00e9 en PVC<\/p>","protected":false},"featured_media":8349,"template":"","meta":[],"product_brand":[88],"product_cat":[53,47],"product_tag":[],"class_list":{"0":"post-5003","1":"product","2":"type-product","3":"status-publish","4":"has-post-thumbnail","6":"product_brand-dr-skin","7":"product_cat-godemichets","8":"product_cat-sextoys","11":"instock","12":"taxable","13":"shipping-taxable","14":"purchasable","15":"product-type-simple","16":"product-grid-view"},"_links":{"self":[{"href":"https:\/\/www.tahitiplaisirs.com\/en\/wp-json\/wp\/v2\/product\/5003","targetHints":{"allow":["GET"]}}],"collection":[{"href":"https:\/\/www.tahitiplaisirs.com\/en\/wp-json\/wp\/v2\/product"}],"about":[{"href":"https:\/\/www.tahitiplaisirs.com\/en\/wp-json\/wp\/v2\/types\/product"}],"version-history":[{"count":2,"href":"https:\/\/www.tahitiplaisirs.com\/en\/wp-json\/wp\/v2\/product\/5003\/revisions"}],"predecessor-version":[{"id":8351,"href":"https:\/\/www.tahitiplaisirs.com\/en\/wp-json\/wp\/v2\/product\/5003\/revisions\/8351"}],"wp:featuredmedia":[{"embeddable":true,"href":"https:\/\/www.tahitiplaisirs.com\/en\/wp-json\/wp\/v2\/media\/8349"}],"wp:attachment":[{"href":"https:\/\/www.tahitiplaisirs.com\/en\/wp-json\/wp\/v2\/media?parent=5003"}],"wp:term":[{"taxonomy":"product_brand","embeddable":true,"href":"https:\/\/www.tahitiplaisirs.com\/en\/wp-json\/wp\/v2\/product_brand?post=5003"},{"taxonomy":"product_cat","embeddable":true,"href":"https:\/\/www.tahitiplaisirs.com\/en\/wp-json\/wp\/v2\/product_cat?post=5003"},{"taxonomy":"product_tag","embeddable":true,"href":"https:\/\/www.tahitiplaisirs.com\/en\/wp-json\/wp\/v2\/product_tag?post=5003"}],"curies":[{"name":"wp","href":"https:\/\/api.w.org\/{rel}","templated":true}]}}