{"id":5011,"date":"2025-08-15T16:12:57","date_gmt":"2025-08-16T02:12:57","guid":{"rendered":"https:\/\/www.tahitiplaisirs.com\/?post_type=product&#038;p=5011"},"modified":"2026-03-23T16:33:50","modified_gmt":"2026-03-24T02:33:50","slug":"rush-turbo-prop-25ml","status":"publish","type":"product","link":"https:\/\/www.tahitiplaisirs.com\/en\/product\/rush-turbo-prop-25ml\/","title":{"rendered":"Rush Turbo Prop 25ml"},"content":{"rendered":"","protected":false},"excerpt":{"rendered":"<p>Rush Turbo Prop 25ml<\/p>\n<p>Le Rush Turbo Propyle est un ar\u00f4me d&rsquo;ambiance \u00e0 base de nitrite de propyle qui donne des sensations agr\u00e9ables.<\/p>\n<p>La formule est vibrant, l\u00e9g\u00e8re et les effets sont progressifs.<\/p>\n<p>&nbsp;<\/p>\n<p>&nbsp;<\/p>","protected":false},"featured_media":10557,"template":"","meta":[],"product_brand":[],"product_cat":[84],"product_tag":[],"class_list":{"0":"post-5011","1":"product","2":"type-product","3":"status-publish","4":"has-post-thumbnail","6":"product_cat-poppers","7":"product_shipping_class-inflammable","10":"instock","11":"taxable","12":"shipping-taxable","13":"purchasable","14":"product-type-simple","15":"product-grid-view"},"_links":{"self":[{"href":"https:\/\/www.tahitiplaisirs.com\/en\/wp-json\/wp\/v2\/product\/5011","targetHints":{"allow":["GET"]}}],"collection":[{"href":"https:\/\/www.tahitiplaisirs.com\/en\/wp-json\/wp\/v2\/product"}],"about":[{"href":"https:\/\/www.tahitiplaisirs.com\/en\/wp-json\/wp\/v2\/types\/product"}],"version-history":[{"count":4,"href":"https:\/\/www.tahitiplaisirs.com\/en\/wp-json\/wp\/v2\/product\/5011\/revisions"}],"predecessor-version":[{"id":10560,"href":"https:\/\/www.tahitiplaisirs.com\/en\/wp-json\/wp\/v2\/product\/5011\/revisions\/10560"}],"wp:featuredmedia":[{"embeddable":true,"href":"https:\/\/www.tahitiplaisirs.com\/en\/wp-json\/wp\/v2\/media\/10557"}],"wp:attachment":[{"href":"https:\/\/www.tahitiplaisirs.com\/en\/wp-json\/wp\/v2\/media?parent=5011"}],"wp:term":[{"taxonomy":"product_brand","embeddable":true,"href":"https:\/\/www.tahitiplaisirs.com\/en\/wp-json\/wp\/v2\/product_brand?post=5011"},{"taxonomy":"product_cat","embeddable":true,"href":"https:\/\/www.tahitiplaisirs.com\/en\/wp-json\/wp\/v2\/product_cat?post=5011"},{"taxonomy":"product_tag","embeddable":true,"href":"https:\/\/www.tahitiplaisirs.com\/en\/wp-json\/wp\/v2\/product_tag?post=5011"}],"curies":[{"name":"wp","href":"https:\/\/api.w.org\/{rel}","templated":true}]}}