{"id":5045,"date":"2025-08-15T16:13:00","date_gmt":"2025-08-16T02:13:00","guid":{"rendered":"https:\/\/www.tahitiplaisirs.com\/?post_type=product&#038;p=5045"},"modified":"2026-04-15T13:17:09","modified_gmt":"2026-04-15T23:17:09","slug":"joint-pour-pompe-noir-65mm","status":"publish","type":"product","link":"https:\/\/www.tahitiplaisirs.com\/en\/product\/joint-pour-pompe-noir-65mm\/","title":{"rendered":"Joint pour pompe noir \u00d8 65mm"},"content":{"rendered":"","protected":false},"excerpt":{"rendered":"<p>Manchon d\u2019\u00e9tanch\u00e9it\u00e9 de couleur noir pour pompe \u00e0 p\u00e9nis.<\/p>\n<p>Ce manchon de remplacement en silicone convient \u00e0 toutes les pompes \u00e0 p\u00e9nis d&rsquo;un diam\u00e8tre ext\u00e9rieur de 65mm, avec une ouverture centrale de 20mm.<\/p>","protected":false},"featured_media":10545,"template":"","meta":[],"product_brand":[],"product_cat":[52,51],"product_tag":[],"class_list":{"0":"post-5045","1":"product","2":"type-product","3":"status-publish","4":"has-post-thumbnail","6":"product_cat-developpement-du-penis","7":"product_cat-pour-lui","10":"instock","11":"taxable","12":"shipping-taxable","13":"purchasable","14":"product-type-simple","15":"product-grid-view"},"_links":{"self":[{"href":"https:\/\/www.tahitiplaisirs.com\/en\/wp-json\/wp\/v2\/product\/5045","targetHints":{"allow":["GET"]}}],"collection":[{"href":"https:\/\/www.tahitiplaisirs.com\/en\/wp-json\/wp\/v2\/product"}],"about":[{"href":"https:\/\/www.tahitiplaisirs.com\/en\/wp-json\/wp\/v2\/types\/product"}],"version-history":[{"count":3,"href":"https:\/\/www.tahitiplaisirs.com\/en\/wp-json\/wp\/v2\/product\/5045\/revisions"}],"predecessor-version":[{"id":10549,"href":"https:\/\/www.tahitiplaisirs.com\/en\/wp-json\/wp\/v2\/product\/5045\/revisions\/10549"}],"wp:featuredmedia":[{"embeddable":true,"href":"https:\/\/www.tahitiplaisirs.com\/en\/wp-json\/wp\/v2\/media\/10545"}],"wp:attachment":[{"href":"https:\/\/www.tahitiplaisirs.com\/en\/wp-json\/wp\/v2\/media?parent=5045"}],"wp:term":[{"taxonomy":"product_brand","embeddable":true,"href":"https:\/\/www.tahitiplaisirs.com\/en\/wp-json\/wp\/v2\/product_brand?post=5045"},{"taxonomy":"product_cat","embeddable":true,"href":"https:\/\/www.tahitiplaisirs.com\/en\/wp-json\/wp\/v2\/product_cat?post=5045"},{"taxonomy":"product_tag","embeddable":true,"href":"https:\/\/www.tahitiplaisirs.com\/en\/wp-json\/wp\/v2\/product_tag?post=5045"}],"curies":[{"name":"wp","href":"https:\/\/api.w.org\/{rel}","templated":true}]}}