{"id":5049,"date":"2025-09-16T09:13:01","date_gmt":"2025-09-16T19:13:01","guid":{"rendered":"https:\/\/www.tahitiplaisirs.com\/?post_type=product&#038;p=5049"},"modified":"2026-04-10T11:38:11","modified_gmt":"2026-04-10T21:38:11","slug":"vibromasseur-eddie-violet-175mm","status":"publish","type":"product","link":"https:\/\/www.tahitiplaisirs.com\/en\/product\/vibromasseur-eddie-violet-175mm\/","title":{"rendered":"Vibromasseur Eddie violet 17,5cm"},"content":{"rendered":"","protected":false},"excerpt":{"rendered":"<p>Vibromasseur Eddie violet 17,5cm de Intense<\/p>\n<p>Eddie, vibromasseur rechargeable fabriqu\u00e9 avec du silicone de qualit\u00e9 m\u00e9dicale, sans danger pour le corps et sans phtalates est le compagnon id\u00e9al de vos moments de plaisir, que vous soyez seul ou en couple.<\/p>\n<p>Avec une\u00a0longueur totale de 17,5cm\u00a0et une\u00a0partie ins\u00e9rable de 16,5 cm , il offre une exp\u00e9rience de stimulation profonde et satisfaisante, renforc\u00e9e par son \u00e9paisseur de 4cm\u00a0qui garantit une sensation pleine et enveloppante.<\/p>\n<p>Equip\u00e9 d&rsquo;un moteur puissant, il dispose de 10 modes de vibration r\u00e9glables facilement gr\u00e2ce \u00e0 sa t\u00e9l\u00e9commande , vous pourrez ainsi explorer des caresses douces aux vibrations intenses qui vous m\u00e8neront \u00e0 l&rsquo;orgasme.<\/p>\n<p>Ce vibromasseur est id\u00e9al pour d\u00e9couvrir une vari\u00e9t\u00e9 de sensations adapt\u00e9es \u00e0 vos pr\u00e9f\u00e9rences et \u00e0 vos moments.<\/p>\n<p>Sa r\u00e9sistance \u00e0 l&rsquo;eau vous permet d&rsquo;en profiter sous la douche ou dans la baignoire, ajoutant une dimension suppl\u00e9mentaire de plaisir aquatique \u00e0 vos moments intimes, sans vous soucier de la s\u00e9curit\u00e9 de l&rsquo;appareil.<\/p>","protected":false},"featured_media":9080,"template":"","meta":[],"product_brand":[102],"product_cat":[47,64],"product_tag":[],"class_list":{"0":"post-5049","1":"product","2":"type-product","3":"status-publish","4":"has-post-thumbnail","6":"product_brand-intense","7":"product_cat-sextoys","8":"product_cat-vibromasseurs","11":"instock","12":"taxable","13":"shipping-taxable","14":"purchasable","15":"product-type-simple","16":"product-grid-view"},"_links":{"self":[{"href":"https:\/\/www.tahitiplaisirs.com\/en\/wp-json\/wp\/v2\/product\/5049","targetHints":{"allow":["GET"]}}],"collection":[{"href":"https:\/\/www.tahitiplaisirs.com\/en\/wp-json\/wp\/v2\/product"}],"about":[{"href":"https:\/\/www.tahitiplaisirs.com\/en\/wp-json\/wp\/v2\/types\/product"}],"version-history":[{"count":2,"href":"https:\/\/www.tahitiplaisirs.com\/en\/wp-json\/wp\/v2\/product\/5049\/revisions"}],"predecessor-version":[{"id":9094,"href":"https:\/\/www.tahitiplaisirs.com\/en\/wp-json\/wp\/v2\/product\/5049\/revisions\/9094"}],"wp:featuredmedia":[{"embeddable":true,"href":"https:\/\/www.tahitiplaisirs.com\/en\/wp-json\/wp\/v2\/media\/9080"}],"wp:attachment":[{"href":"https:\/\/www.tahitiplaisirs.com\/en\/wp-json\/wp\/v2\/media?parent=5049"}],"wp:term":[{"taxonomy":"product_brand","embeddable":true,"href":"https:\/\/www.tahitiplaisirs.com\/en\/wp-json\/wp\/v2\/product_brand?post=5049"},{"taxonomy":"product_cat","embeddable":true,"href":"https:\/\/www.tahitiplaisirs.com\/en\/wp-json\/wp\/v2\/product_cat?post=5049"},{"taxonomy":"product_tag","embeddable":true,"href":"https:\/\/www.tahitiplaisirs.com\/en\/wp-json\/wp\/v2\/product_tag?post=5049"}],"curies":[{"name":"wp","href":"https:\/\/api.w.org\/{rel}","templated":true}]}}