{"id":5057,"date":"2025-08-15T16:13:01","date_gmt":"2025-08-16T02:13:01","guid":{"rendered":"https:\/\/www.tahitiplaisirs.com\/?post_type=product&#038;p=5057"},"modified":"2026-03-21T14:09:17","modified_gmt":"2026-03-22T00:09:17","slug":"preservatifs-sensual-dots-lines-x12","status":"publish","type":"product","link":"https:\/\/www.tahitiplaisirs.com\/en\/product\/preservatifs-sensual-dots-lines-x12\/","title":{"rendered":"Pr\u00e9servatifs Sensual Dots &#038; Lines x12"},"content":{"rendered":"","protected":false},"excerpt":{"rendered":"<p>Pr\u00e9servatifs Sensual Dots &amp; Lines x12 de Control<\/p>\n<p>Ces pr\u00e9servatifs qui offrent une plus grande stimulation gr\u00e2ce \u00e0 la pr\u00e9sence de points et de rainures d\u00e9licats strat\u00e9giquement plac\u00e9s sur sa surface.<\/p>\n<p>Ces pr\u00e9servatifs sont en latex de caoutchouc naturel.<\/p>\n<ul>\n<li>\u00c9paisseur : 0,087 mm<\/li>\n<li>Longueur : 190 mm<\/li>\n<li>Largeur : 54 mm<\/li>\n<\/ul>","protected":false},"featured_media":8937,"template":"","meta":[],"product_brand":[],"product_cat":[81,82],"product_tag":[],"class_list":{"0":"post-5057","1":"product","2":"type-product","3":"status-publish","4":"has-post-thumbnail","6":"product_cat-hygiene","7":"product_cat-preservatifs","10":"instock","11":"taxable","12":"shipping-taxable","13":"purchasable","14":"product-type-simple","15":"product-grid-view"},"_links":{"self":[{"href":"https:\/\/www.tahitiplaisirs.com\/en\/wp-json\/wp\/v2\/product\/5057","targetHints":{"allow":["GET"]}}],"collection":[{"href":"https:\/\/www.tahitiplaisirs.com\/en\/wp-json\/wp\/v2\/product"}],"about":[{"href":"https:\/\/www.tahitiplaisirs.com\/en\/wp-json\/wp\/v2\/types\/product"}],"version-history":[{"count":4,"href":"https:\/\/www.tahitiplaisirs.com\/en\/wp-json\/wp\/v2\/product\/5057\/revisions"}],"predecessor-version":[{"id":8939,"href":"https:\/\/www.tahitiplaisirs.com\/en\/wp-json\/wp\/v2\/product\/5057\/revisions\/8939"}],"wp:featuredmedia":[{"embeddable":true,"href":"https:\/\/www.tahitiplaisirs.com\/en\/wp-json\/wp\/v2\/media\/8937"}],"wp:attachment":[{"href":"https:\/\/www.tahitiplaisirs.com\/en\/wp-json\/wp\/v2\/media?parent=5057"}],"wp:term":[{"taxonomy":"product_brand","embeddable":true,"href":"https:\/\/www.tahitiplaisirs.com\/en\/wp-json\/wp\/v2\/product_brand?post=5057"},{"taxonomy":"product_cat","embeddable":true,"href":"https:\/\/www.tahitiplaisirs.com\/en\/wp-json\/wp\/v2\/product_cat?post=5057"},{"taxonomy":"product_tag","embeddable":true,"href":"https:\/\/www.tahitiplaisirs.com\/en\/wp-json\/wp\/v2\/product_tag?post=5057"}],"curies":[{"name":"wp","href":"https:\/\/api.w.org\/{rel}","templated":true}]}}