{"id":5065,"date":"2026-02-09T10:10:01","date_gmt":"2026-02-09T20:10:01","guid":{"rendered":"https:\/\/www.tahitiplaisirs.com\/?post_type=product&#038;p=5065"},"modified":"2026-03-11T13:28:13","modified_gmt":"2026-03-11T23:28:13","slug":"wand-erland-noir-satisfyer","status":"publish","type":"product","link":"https:\/\/www.tahitiplaisirs.com\/en\/product\/wand-erland-noir-satisfyer\/","title":{"rendered":"Wand-erland noir Satisfyer"},"content":{"rendered":"","protected":false},"excerpt":{"rendered":"<p>Stimulateur de clitoris Wand-erland de Satisfyer<\/p>\n<p>Wand-erland est un stimulateur de clitoris qui a tous pour vous faire vibrer de plaisir !<\/p>\n<p>Des vibrations intenses et un toucher doux et velout\u00e9 transforment ce vibromasseur en une exp\u00e9rience envo\u00fbtante, con\u00e7ue pour apaiser votre corps et vous laisser compl\u00e8tement d\u00e9tendu.<\/p>\n<p>Chaque glissement dissipe le stress, vous enveloppant d&rsquo;une douce sensation de bien-\u00eatre.<\/p>\n<p>Avec 50 combinaisons de vibrations, chaque s\u00e9ance est enti\u00e8rement personnalisable.<\/p>\n<p>Que vous recherchiez des pulsations douces ou des vibrations profondes, vous trouverez le rythme id\u00e9al pour intensifier votre plaisir.<\/p>\n<p>Envie de vous d\u00e9tendre dans votre bain ? Aucun probl\u00e8me : le Wand-erland est \u00e9tanche (IPX7), ce qui en fait le compagnon id\u00e9al pour un bain chaud et relaxant.<\/p>\n<p>Une fois termin\u00e9, rechargez-le simplement avec le c\u00e2ble USB magn\u00e9tique et vous serez pr\u00eate pour un nouveau moment de bonheur.<\/p>","protected":false},"featured_media":10821,"template":"","meta":[],"product_brand":[103],"product_cat":[63,47,48],"product_tag":[],"class_list":{"0":"post-5065","1":"product","2":"type-product","3":"status-publish","4":"has-post-thumbnail","6":"product_brand-satisfyer","7":"product_cat-pour-elle","8":"product_cat-sextoys","9":"product_cat-stimulateurs-clitoridiens","12":"instock","13":"taxable","14":"shipping-taxable","15":"purchasable","16":"product-type-simple","17":"product-grid-view"},"_links":{"self":[{"href":"https:\/\/www.tahitiplaisirs.com\/en\/wp-json\/wp\/v2\/product\/5065","targetHints":{"allow":["GET"]}}],"collection":[{"href":"https:\/\/www.tahitiplaisirs.com\/en\/wp-json\/wp\/v2\/product"}],"about":[{"href":"https:\/\/www.tahitiplaisirs.com\/en\/wp-json\/wp\/v2\/types\/product"}],"version-history":[{"count":3,"href":"https:\/\/www.tahitiplaisirs.com\/en\/wp-json\/wp\/v2\/product\/5065\/revisions"}],"predecessor-version":[{"id":10837,"href":"https:\/\/www.tahitiplaisirs.com\/en\/wp-json\/wp\/v2\/product\/5065\/revisions\/10837"}],"wp:featuredmedia":[{"embeddable":true,"href":"https:\/\/www.tahitiplaisirs.com\/en\/wp-json\/wp\/v2\/media\/10821"}],"wp:attachment":[{"href":"https:\/\/www.tahitiplaisirs.com\/en\/wp-json\/wp\/v2\/media?parent=5065"}],"wp:term":[{"taxonomy":"product_brand","embeddable":true,"href":"https:\/\/www.tahitiplaisirs.com\/en\/wp-json\/wp\/v2\/product_brand?post=5065"},{"taxonomy":"product_cat","embeddable":true,"href":"https:\/\/www.tahitiplaisirs.com\/en\/wp-json\/wp\/v2\/product_cat?post=5065"},{"taxonomy":"product_tag","embeddable":true,"href":"https:\/\/www.tahitiplaisirs.com\/en\/wp-json\/wp\/v2\/product_tag?post=5065"}],"curies":[{"name":"wp","href":"https:\/\/api.w.org\/{rel}","templated":true}]}}