{"id":5069,"date":"2025-08-15T16:13:01","date_gmt":"2025-08-16T02:13:01","guid":{"rendered":"https:\/\/www.tahitiplaisirs.com\/?post_type=product&#038;p=5069"},"modified":"2026-03-21T14:09:08","modified_gmt":"2026-03-22T00:09:08","slug":"bronco","status":"publish","type":"product","link":"https:\/\/www.tahitiplaisirs.com\/en\/product\/bronco\/","title":{"rendered":"Bronco"},"content":{"rendered":"","protected":false},"excerpt":{"rendered":"<p>Bronco de The Cowgirl<\/p>\n<p>La\u00a0Platine Bronco\u00a0est d\u00e9di\u00e9e aux femmes poss\u00e9dant une\u00a0Sex Machine CowGirl et voulant associer le plaisir vaginal et clitoridien.<\/p>\n<p>La mati\u00e8re est un silicone de haute qualit\u00e9 hypoallerg\u00e9nique, sans phtalate et sans latex.<\/p>\n<p>Le gode mesure 11,5 cm de longueur ins\u00e9rable pour 3,9 cm de diam\u00e8tre.<\/p>\n<p>Une fois sur la Sex Machine, il vibrera et pourra procurer un mouvement rotatif (Gode).<\/p>\n<p>ATTENTION !!! N\u00e9cessite une Sex Machine Cow Girl qui d\u00e9livrera les vibrations et les mouvements rotatifs pour le gode p\u00e9n\u00e9trant !<\/p>","protected":false},"featured_media":7772,"template":"","meta":[],"product_brand":[],"product_cat":[53,47],"product_tag":[],"class_list":{"0":"post-5069","1":"product","2":"type-product","3":"status-publish","4":"has-post-thumbnail","6":"product_cat-godemichets","7":"product_cat-sextoys","10":"instock","11":"taxable","12":"shipping-taxable","13":"purchasable","14":"product-type-simple","15":"product-grid-view"},"_links":{"self":[{"href":"https:\/\/www.tahitiplaisirs.com\/en\/wp-json\/wp\/v2\/product\/5069","targetHints":{"allow":["GET"]}}],"collection":[{"href":"https:\/\/www.tahitiplaisirs.com\/en\/wp-json\/wp\/v2\/product"}],"about":[{"href":"https:\/\/www.tahitiplaisirs.com\/en\/wp-json\/wp\/v2\/types\/product"}],"version-history":[{"count":1,"href":"https:\/\/www.tahitiplaisirs.com\/en\/wp-json\/wp\/v2\/product\/5069\/revisions"}],"predecessor-version":[{"id":5099,"href":"https:\/\/www.tahitiplaisirs.com\/en\/wp-json\/wp\/v2\/product\/5069\/revisions\/5099"}],"wp:featuredmedia":[{"embeddable":true,"href":"https:\/\/www.tahitiplaisirs.com\/en\/wp-json\/wp\/v2\/media\/7772"}],"wp:attachment":[{"href":"https:\/\/www.tahitiplaisirs.com\/en\/wp-json\/wp\/v2\/media?parent=5069"}],"wp:term":[{"taxonomy":"product_brand","embeddable":true,"href":"https:\/\/www.tahitiplaisirs.com\/en\/wp-json\/wp\/v2\/product_brand?post=5069"},{"taxonomy":"product_cat","embeddable":true,"href":"https:\/\/www.tahitiplaisirs.com\/en\/wp-json\/wp\/v2\/product_cat?post=5069"},{"taxonomy":"product_tag","embeddable":true,"href":"https:\/\/www.tahitiplaisirs.com\/en\/wp-json\/wp\/v2\/product_tag?post=5069"}],"curies":[{"name":"wp","href":"https:\/\/api.w.org\/{rel}","templated":true}]}}