{"id":5107,"date":"2025-08-15T16:13:05","date_gmt":"2025-08-16T02:13:05","guid":{"rendered":"https:\/\/www.tahitiplaisirs.com\/?post_type=product&#038;p=5107"},"modified":"2026-03-21T14:09:18","modified_gmt":"2026-03-22T00:09:18","slug":"gode-silexd-chair-9-23cm","status":"publish","type":"product","link":"https:\/\/www.tahitiplaisirs.com\/en\/product\/gode-silexd-chair-9-23cm\/","title":{"rendered":"Gode Silexd chair 9&Prime; &#8211; 23cm"},"content":{"rendered":"","protected":false},"excerpt":{"rendered":"<p>Gode r\u00e9aliste chair double densit\u00e9 mod\u00e8le 2 &#8211; 9&Prime; &#8211; 23cm de Silexd<\/p>\n<p>Le gode r\u00e9aliste chair est recouvert d&rsquo;une peau douce en silicone de qualit\u00e9 sup\u00e9rieure.<\/p>\n<p>L&rsquo;int\u00e9rieur est garni de Silexpan double densit\u00e9 avec un noyau interne dur, pour des sensations tr\u00e8s r\u00e9alistes et une exp\u00e9rience de plaisir incomparable.<\/p>\n<p>Sa m\u00e9moire de forme permet de le plier et il reprendra sa forme.<\/p>\n<p>Thermo r\u00e9actif, il se ramolli au contact de la chaleur ( 30 secondes au micro-ondes ou 2 minutes dans de l&rsquo;eau bouillante ), placez le au r\u00e9frig\u00e9rateur et il deviendra tr\u00e8s dur.<\/p>\n<p>Sa solide ventouse permet de l&rsquo;utiliser avec un harnais ou de le ventouser sur une surface plane.<\/p>\n<p>Diam\u00e8tre : 5,3cm<\/p>\n<p>Composition : Silexpan, silicone<\/p>","protected":false},"featured_media":7213,"template":"","meta":[],"product_brand":[87],"product_cat":[53,47],"product_tag":[],"class_list":{"0":"post-5107","1":"product","2":"type-product","3":"status-publish","4":"has-post-thumbnail","6":"product_brand-silexd","7":"product_cat-godemichets","8":"product_cat-sextoys","11":"instock","12":"purchasable","13":"product-type-simple","14":"product-grid-view"},"_links":{"self":[{"href":"https:\/\/www.tahitiplaisirs.com\/en\/wp-json\/wp\/v2\/product\/5107","targetHints":{"allow":["GET"]}}],"collection":[{"href":"https:\/\/www.tahitiplaisirs.com\/en\/wp-json\/wp\/v2\/product"}],"about":[{"href":"https:\/\/www.tahitiplaisirs.com\/en\/wp-json\/wp\/v2\/types\/product"}],"version-history":[{"count":2,"href":"https:\/\/www.tahitiplaisirs.com\/en\/wp-json\/wp\/v2\/product\/5107\/revisions"}],"predecessor-version":[{"id":7224,"href":"https:\/\/www.tahitiplaisirs.com\/en\/wp-json\/wp\/v2\/product\/5107\/revisions\/7224"}],"wp:featuredmedia":[{"embeddable":true,"href":"https:\/\/www.tahitiplaisirs.com\/en\/wp-json\/wp\/v2\/media\/7213"}],"wp:attachment":[{"href":"https:\/\/www.tahitiplaisirs.com\/en\/wp-json\/wp\/v2\/media?parent=5107"}],"wp:term":[{"taxonomy":"product_brand","embeddable":true,"href":"https:\/\/www.tahitiplaisirs.com\/en\/wp-json\/wp\/v2\/product_brand?post=5107"},{"taxonomy":"product_cat","embeddable":true,"href":"https:\/\/www.tahitiplaisirs.com\/en\/wp-json\/wp\/v2\/product_cat?post=5107"},{"taxonomy":"product_tag","embeddable":true,"href":"https:\/\/www.tahitiplaisirs.com\/en\/wp-json\/wp\/v2\/product_tag?post=5107"}],"curies":[{"name":"wp","href":"https:\/\/api.w.org\/{rel}","templated":true}]}}