{"id":5109,"date":"2025-08-15T16:13:05","date_gmt":"2025-08-16T02:13:05","guid":{"rendered":"https:\/\/www.tahitiplaisirs.com\/?post_type=product&#038;p=5109"},"modified":"2026-04-10T12:13:04","modified_gmt":"2026-04-10T22:13:04","slug":"joints-detancheite-x3","status":"publish","type":"product","link":"https:\/\/www.tahitiplaisirs.com\/en\/product\/joints-detancheite-x3\/","title":{"rendered":"Joints d&rsquo;\u00e9tanch\u00e9it\u00e9 X3"},"content":{"rendered":"","protected":false},"excerpt":{"rendered":"<p>Joints d&rsquo;\u00e9tanch\u00e9it\u00e9 X3<\/p>\n<p>Voil\u00e0 3 manchons souples en TPR pour des cylindres de pompes de p\u00e9nis avec un diam\u00e8tre de 60mm, il s&rsquo;adaptent \u00e0 quasiment tous les cylindres.<\/p>\n<p>Ouverture avec des diam\u00e8tres de 13mm, 20mm et 27mm pour varier l&rsquo;intensit\u00e9 du serrage sur le p\u00e9nis.<\/p>","protected":false},"featured_media":6733,"template":"","meta":[],"product_brand":[],"product_cat":[52,51],"product_tag":[],"class_list":{"0":"post-5109","1":"product","2":"type-product","3":"status-publish","4":"has-post-thumbnail","6":"product_cat-developpement-du-penis","7":"product_cat-pour-lui","10":"instock","11":"taxable","12":"shipping-taxable","13":"purchasable","14":"product-type-simple","15":"product-grid-view"},"_links":{"self":[{"href":"https:\/\/www.tahitiplaisirs.com\/en\/wp-json\/wp\/v2\/product\/5109","targetHints":{"allow":["GET"]}}],"collection":[{"href":"https:\/\/www.tahitiplaisirs.com\/en\/wp-json\/wp\/v2\/product"}],"about":[{"href":"https:\/\/www.tahitiplaisirs.com\/en\/wp-json\/wp\/v2\/types\/product"}],"version-history":[{"count":3,"href":"https:\/\/www.tahitiplaisirs.com\/en\/wp-json\/wp\/v2\/product\/5109\/revisions"}],"predecessor-version":[{"id":9037,"href":"https:\/\/www.tahitiplaisirs.com\/en\/wp-json\/wp\/v2\/product\/5109\/revisions\/9037"}],"wp:featuredmedia":[{"embeddable":true,"href":"https:\/\/www.tahitiplaisirs.com\/en\/wp-json\/wp\/v2\/media\/6733"}],"wp:attachment":[{"href":"https:\/\/www.tahitiplaisirs.com\/en\/wp-json\/wp\/v2\/media?parent=5109"}],"wp:term":[{"taxonomy":"product_brand","embeddable":true,"href":"https:\/\/www.tahitiplaisirs.com\/en\/wp-json\/wp\/v2\/product_brand?post=5109"},{"taxonomy":"product_cat","embeddable":true,"href":"https:\/\/www.tahitiplaisirs.com\/en\/wp-json\/wp\/v2\/product_cat?post=5109"},{"taxonomy":"product_tag","embeddable":true,"href":"https:\/\/www.tahitiplaisirs.com\/en\/wp-json\/wp\/v2\/product_tag?post=5109"}],"curies":[{"name":"wp","href":"https:\/\/api.w.org\/{rel}","templated":true}]}}