{"id":5125,"date":"2025-09-16T09:12:06","date_gmt":"2025-09-16T19:12:06","guid":{"rendered":"https:\/\/www.tahitiplaisirs.com\/?post_type=product&#038;p=5125"},"modified":"2026-04-10T11:38:07","modified_gmt":"2026-04-10T21:38:07","slug":"vibromasseur-becca-vert-175mm","status":"publish","type":"product","link":"https:\/\/www.tahitiplaisirs.com\/en\/product\/vibromasseur-becca-vert-175mm\/","title":{"rendered":"Vibromasseur Becca vert 17,5cm"},"content":{"rendered":"","protected":false},"excerpt":{"rendered":"<p>Vibromasseur Becca vert de Intense<\/p>\n<p>Becca est un vibromasseur rechargeable qui dispose d&rsquo;une t\u00e9l\u00e9commande et qui propose 10 modes de vibration.<\/p>\n<p>Avec une longueur totale de 17,5cm dont 16cm ins\u00e9rable et d&rsquo;une \u00e9paisseur de 3,2cm, il s&rsquo;adapte parfaitement \u00e0 vos envies.<\/p>\n<p>Il est dot\u00e9 d&rsquo;un puissant moteur qui assure des vibrations intenses.<\/p>\n<p>Fabriqu\u00e9 en silicone ultra doux, il est totalement sans danger pour le corps, sans phtalates. Sa flexibilit\u00e9 permet une utilisation confortable, garantissant une sensation agr\u00e9able au contact de la peau.<\/p>\n<p>Sa ventouse permet une utilisation sur des surfaces lisses, offrant ainsi une polyvalence pour profiter de nouvelles positions et exp\u00e9riences. Cela \u00e9largit vos options et rend l&rsquo;utilisation du vibromasseur encore plus excitante.<\/p>\n<p>Gr\u00e2ce \u00e0 sa conception \u00e9tanche, vous pourrez l&rsquo;utiliser sous la douche ou dans le bain sans souci. De plus, il est rechargeable par USB, ce qui le rend facile \u00e0 utiliser et \u00e0 entretenir, vous permettant de profiter de vos moments de plaisir sans interruption.<\/p>","protected":false},"featured_media":9086,"template":"","meta":[],"product_brand":[102],"product_cat":[63,47,64],"product_tag":[],"class_list":{"0":"post-5125","1":"product","2":"type-product","3":"status-publish","4":"has-post-thumbnail","6":"product_brand-intense","7":"product_cat-pour-elle","8":"product_cat-sextoys","9":"product_cat-vibromasseurs","12":"instock","13":"taxable","14":"shipping-taxable","15":"purchasable","16":"product-type-simple","17":"product-grid-view"},"_links":{"self":[{"href":"https:\/\/www.tahitiplaisirs.com\/en\/wp-json\/wp\/v2\/product\/5125","targetHints":{"allow":["GET"]}}],"collection":[{"href":"https:\/\/www.tahitiplaisirs.com\/en\/wp-json\/wp\/v2\/product"}],"about":[{"href":"https:\/\/www.tahitiplaisirs.com\/en\/wp-json\/wp\/v2\/types\/product"}],"version-history":[{"count":3,"href":"https:\/\/www.tahitiplaisirs.com\/en\/wp-json\/wp\/v2\/product\/5125\/revisions"}],"predecessor-version":[{"id":9092,"href":"https:\/\/www.tahitiplaisirs.com\/en\/wp-json\/wp\/v2\/product\/5125\/revisions\/9092"}],"wp:featuredmedia":[{"embeddable":true,"href":"https:\/\/www.tahitiplaisirs.com\/en\/wp-json\/wp\/v2\/media\/9086"}],"wp:attachment":[{"href":"https:\/\/www.tahitiplaisirs.com\/en\/wp-json\/wp\/v2\/media?parent=5125"}],"wp:term":[{"taxonomy":"product_brand","embeddable":true,"href":"https:\/\/www.tahitiplaisirs.com\/en\/wp-json\/wp\/v2\/product_brand?post=5125"},{"taxonomy":"product_cat","embeddable":true,"href":"https:\/\/www.tahitiplaisirs.com\/en\/wp-json\/wp\/v2\/product_cat?post=5125"},{"taxonomy":"product_tag","embeddable":true,"href":"https:\/\/www.tahitiplaisirs.com\/en\/wp-json\/wp\/v2\/product_tag?post=5125"}],"curies":[{"name":"wp","href":"https:\/\/api.w.org\/{rel}","templated":true}]}}