{"id":5166,"date":"2025-08-15T16:13:10","date_gmt":"2025-08-16T02:13:10","guid":{"rendered":"https:\/\/www.tahitiplaisirs.com\/?post_type=product&#038;p=5166"},"modified":"2026-03-21T14:09:09","modified_gmt":"2026-03-22T00:09:09","slug":"set-3-pcs-framboise-gw-s-l","status":"publish","type":"product","link":"https:\/\/www.tahitiplaisirs.com\/en\/product\/set-3-pcs-framboise-gw-s-l\/","title":{"rendered":"Set 3 pcs framboise GW S-L"},"content":{"rendered":"","protected":false},"excerpt":{"rendered":"<p>Set 3 pcs framboise S-L de G-World<\/p>\n<p><span dir=\"auto\">Laissez vous s\u00e9duire par le m\u00e9lange de transparence et de r\u00e9sille de cette nuisette !<\/span><\/p>\n<p><span dir=\"auto\">Elle est dot\u00e9e de bonnets \u00e0 armatures, de pans flottants bord\u00e9s de dentelle volant\u00e9e et de bretelles clout\u00e9es en m\u00e9tal pour une touche d&rsquo;originalit\u00e9.<\/span><\/p>\n<p><span dir=\"auto\">Le string et les bas assortis sont inclus.<\/span><\/p>\n<p><span dir=\"auto\">Mati\u00e8re : 88 % polyamide, 12 % \u00e9lasthanne<\/span><\/p>","protected":false},"featured_media":9233,"template":"","meta":[],"product_brand":[107],"product_cat":[73,74,63],"product_tag":[],"class_list":{"0":"post-5166","1":"product","2":"type-product","3":"status-publish","4":"has-post-thumbnail","6":"product_brand-g-world","7":"product_cat-lingerie-sexy","8":"product_cat-nuisettes-bodys-et-set","9":"product_cat-pour-elle","12":"instock","13":"taxable","14":"shipping-taxable","15":"purchasable","16":"product-type-simple","17":"product-grid-view"},"_links":{"self":[{"href":"https:\/\/www.tahitiplaisirs.com\/en\/wp-json\/wp\/v2\/product\/5166","targetHints":{"allow":["GET"]}}],"collection":[{"href":"https:\/\/www.tahitiplaisirs.com\/en\/wp-json\/wp\/v2\/product"}],"about":[{"href":"https:\/\/www.tahitiplaisirs.com\/en\/wp-json\/wp\/v2\/types\/product"}],"version-history":[{"count":4,"href":"https:\/\/www.tahitiplaisirs.com\/en\/wp-json\/wp\/v2\/product\/5166\/revisions"}],"predecessor-version":[{"id":9242,"href":"https:\/\/www.tahitiplaisirs.com\/en\/wp-json\/wp\/v2\/product\/5166\/revisions\/9242"}],"wp:featuredmedia":[{"embeddable":true,"href":"https:\/\/www.tahitiplaisirs.com\/en\/wp-json\/wp\/v2\/media\/9233"}],"wp:attachment":[{"href":"https:\/\/www.tahitiplaisirs.com\/en\/wp-json\/wp\/v2\/media?parent=5166"}],"wp:term":[{"taxonomy":"product_brand","embeddable":true,"href":"https:\/\/www.tahitiplaisirs.com\/en\/wp-json\/wp\/v2\/product_brand?post=5166"},{"taxonomy":"product_cat","embeddable":true,"href":"https:\/\/www.tahitiplaisirs.com\/en\/wp-json\/wp\/v2\/product_cat?post=5166"},{"taxonomy":"product_tag","embeddable":true,"href":"https:\/\/www.tahitiplaisirs.com\/en\/wp-json\/wp\/v2\/product_tag?post=5166"}],"curies":[{"name":"wp","href":"https:\/\/api.w.org\/{rel}","templated":true}]}}