{"id":5169,"date":"2025-08-15T16:13:10","date_gmt":"2025-08-16T02:13:10","guid":{"rendered":"https:\/\/www.tahitiplaisirs.com\/?post_type=product&#038;p=5169"},"modified":"2026-04-10T10:34:19","modified_gmt":"2026-04-10T20:34:19","slug":"gode-dr-skin-glide-chair-7-pouces-5","status":"publish","type":"product","link":"https:\/\/www.tahitiplaisirs.com\/en\/product\/gode-dr-skin-glide-chair-7-pouces-5\/","title":{"rendered":"Gode Dr Skin Glide chair 7,5&Prime;"},"content":{"rendered":"<p>n<\/p>","protected":false},"excerpt":{"rendered":"<p dir=\"ltr\" data-placeholder=\"Traduction\" data-ved=\"2ahUKEwjzv-uMufuKAxVeMtAFHbtTON8Q3ewLegQIChAU\" aria-label=\"Texte traduit\u00a0: Le docteur est l\u00e0 ! Gode \u200b\u200bautolubrifiant avec boules Dr. Skin Glide de 7 pouces est un jouet r\u00e9aliste et autolubrifiant qui n'a besoin que d'un peu d'eau pour obtenir glissant! Le Dr. Skin Glide est dot\u00e9 d'une base \u00e0 ventouse robuste qui tiendra toute surface plane et est compatible avec un harnais. Fabriqu\u00e9 \u00e0 partir de TPE sans danger pour le corps, ce jouet ne contient aucun parfum, phtalate, paraffine ou latex. Autolubrifiant les propri\u00e9t\u00e9s sont temporaires. Il durera jusqu'\u00e0 12 utilisations. Pour nettoyer, laver avec du savon et de l'eau. S\u00e9chez et laissez s\u00e9cher \u00e0 l'air avant de ranger. Utiliser le produit uniquement avec lubrifiants \u00e0 base d'eau. Il est recommand\u00e9 de commencer \u00e0 utiliser des produits \u00e0 base d'eau. les lubrifiants apr\u00e8s que les propri\u00e9t\u00e9s autolubrifiantes commencent \u00e0 diminuer.\">Gode Glide chair 7,5&Prime; de Dr Skin<\/p>\n<p id=\"tw-target-text\" class=\"tw-data-text tw-text-large tw-ta\" dir=\"ltr\" data-placeholder=\"Traduction\" data-ved=\"2ahUKEwjzv-uMufuKAxVeMtAFHbtTON8Q3ewLegQIChAU\" aria-label=\"Texte traduit\u00a0: Le docteur est l\u00e0 ! Gode \u200b\u200bautolubrifiant avec boules Dr. Skin Glide de 7 pouces est un jouet r\u00e9aliste et autolubrifiant qui n'a besoin que d'un peu d'eau pour obtenir glissant! Le Dr. Skin Glide est dot\u00e9 d'une base \u00e0 ventouse robuste qui tiendra toute surface plane et est compatible avec un harnais. Fabriqu\u00e9 \u00e0 partir de TPE sans danger pour le corps, ce jouet ne contient aucun parfum, phtalate, paraffine ou latex. Autolubrifiant les propri\u00e9t\u00e9s sont temporaires. Il durera jusqu'\u00e0 12 utilisations. Pour nettoyer, laver avec du savon et de l'eau. S\u00e9chez et laissez s\u00e9cher \u00e0 l'air avant de ranger. Utiliser le produit uniquement avec lubrifiants \u00e0 base d'eau. Il est recommand\u00e9 de commencer \u00e0 utiliser des produits \u00e0 base d'eau. les lubrifiants apr\u00e8s que les propri\u00e9t\u00e9s autolubrifiantes commencent \u00e0 diminuer.\"><span class=\"Y2IQFc\" lang=\"fr\">Gode ventouse ultra r\u00e9aliste et autolubrifiant durant les 12 premi\u00e8res utilisations.<\/span><\/p>\n<p dir=\"ltr\" data-placeholder=\"Traduction\" data-ved=\"2ahUKEwjzv-uMufuKAxVeMtAFHbtTON8Q3ewLegQIChAU\" aria-label=\"Texte traduit\u00a0: Le docteur est l\u00e0 ! Gode \u200b\u200bautolubrifiant avec boules Dr. Skin Glide de 7 pouces est un jouet r\u00e9aliste et autolubrifiant qui n'a besoin que d'un peu d'eau pour obtenir glissant! Le Dr. Skin Glide est dot\u00e9 d'une base \u00e0 ventouse robuste qui tiendra toute surface plane et est compatible avec un harnais. Fabriqu\u00e9 \u00e0 partir de TPE sans danger pour le corps, ce jouet ne contient aucun parfum, phtalate, paraffine ou latex. Autolubrifiant les propri\u00e9t\u00e9s sont temporaires. Il durera jusqu'\u00e0 12 utilisations. Pour nettoyer, laver avec du savon et de l'eau. S\u00e9chez et laissez s\u00e9cher \u00e0 l'air avant de ranger. Utiliser le produit uniquement avec lubrifiants \u00e0 base d'eau. Il est recommand\u00e9 de commencer \u00e0 utiliser des produits \u00e0 base d'eau. les lubrifiants apr\u00e8s que les propri\u00e9t\u00e9s autolubrifiantes commencent \u00e0 diminuer.\">Il suffit de mettre un peu d&rsquo;eau dessus et c&rsquo;est comme si on utilisait du lubrifiant !<\/p>\n<p class=\"tw-data-text tw-text-large tw-ta\" dir=\"ltr\" data-placeholder=\"Traduction\" data-ved=\"2ahUKEwjzv-uMufuKAxVeMtAFHbtTON8Q3ewLegQIChAU\" aria-label=\"Texte traduit\u00a0: Le docteur est l\u00e0 ! Gode \u200b\u200bautolubrifiant avec boules Dr. Skin Glide de 7 pouces est un jouet r\u00e9aliste et autolubrifiant qui n'a besoin que d'un peu d'eau pour obtenir glissant! Le Dr. Skin Glide est dot\u00e9 d'une base \u00e0 ventouse robuste qui tiendra toute surface plane et est compatible avec un harnais. Fabriqu\u00e9 \u00e0 partir de TPE sans danger pour le corps, ce jouet ne contient aucun parfum, phtalate, paraffine ou latex. Autolubrifiant les propri\u00e9t\u00e9s sont temporaires. Il durera jusqu'\u00e0 12 utilisations. Pour nettoyer, laver avec du savon et de l'eau. S\u00e9chez et laissez s\u00e9cher \u00e0 l'air avant de ranger. Utiliser le produit uniquement avec lubrifiants \u00e0 base d'eau. Il est recommand\u00e9 de commencer \u00e0 utiliser des produits \u00e0 base d'eau. les lubrifiants apr\u00e8s que les propri\u00e9t\u00e9s autolubrifiantes commencent \u00e0 diminuer.\">Sa ventouse robuste \u00e0 la base permet une utilisation mains libres ou pour un montage facile dans un harnais avec des joints toriques.<\/p>\n<p class=\"tw-data-text tw-text-large tw-ta\" dir=\"ltr\" data-placeholder=\"Traduction\" data-ved=\"2ahUKEwjzv-uMufuKAxVeMtAFHbtTON8Q3ewLegQIChAU\" aria-label=\"Texte traduit\u00a0: Le docteur est l\u00e0 ! Gode \u200b\u200bautolubrifiant avec boules Dr. Skin Glide de 7 pouces est un jouet r\u00e9aliste et autolubrifiant qui n'a besoin que d'un peu d'eau pour obtenir glissant! Le Dr. Skin Glide est dot\u00e9 d'une base \u00e0 ventouse robuste qui tiendra toute surface plane et est compatible avec un harnais. Fabriqu\u00e9 \u00e0 partir de TPE sans danger pour le corps, ce jouet ne contient aucun parfum, phtalate, paraffine ou latex. Autolubrifiant les propri\u00e9t\u00e9s sont temporaires. Il durera jusqu'\u00e0 12 utilisations. Pour nettoyer, laver avec du savon et de l'eau. S\u00e9chez et laissez s\u00e9cher \u00e0 l'air avant de ranger. Utiliser le produit uniquement avec lubrifiants \u00e0 base d'eau. Il est recommand\u00e9 de commencer \u00e0 utiliser des produits \u00e0 base d'eau. les lubrifiants apr\u00e8s que les propri\u00e9t\u00e9s autolubrifiantes commencent \u00e0 diminuer.\">Ce gode est fait de TPE agr\u00e9able au toucher, doux et flexible, sans danger pour le corps et ne contient ni phtalates ni latex.<\/p>\n<p class=\"tw-data-text tw-text-large tw-ta\" dir=\"ltr\" data-placeholder=\"Traduction\" data-ved=\"2ahUKEwjzv-uMufuKAxVeMtAFHbtTON8Q3ewLegQIChAU\" aria-label=\"Texte traduit\u00a0: Le docteur est l\u00e0 ! Gode \u200b\u200bautolubrifiant avec boules Dr. Skin Glide de 7 pouces est un jouet r\u00e9aliste et autolubrifiant qui n'a besoin que d'un peu d'eau pour obtenir glissant! Le Dr. Skin Glide est dot\u00e9 d'une base \u00e0 ventouse robuste qui tiendra toute surface plane et est compatible avec un harnais. Fabriqu\u00e9 \u00e0 partir de TPE sans danger pour le corps, ce jouet ne contient aucun parfum, phtalate, paraffine ou latex. Autolubrifiant les propri\u00e9t\u00e9s sont temporaires. Il durera jusqu'\u00e0 12 utilisations. Pour nettoyer, laver avec du savon et de l'eau. S\u00e9chez et laissez s\u00e9cher \u00e0 l'air avant de ranger. Utiliser le produit uniquement avec lubrifiants \u00e0 base d'eau. Il est recommand\u00e9 de commencer \u00e0 utiliser des produits \u00e0 base d'eau. les lubrifiants apr\u00e8s que les propri\u00e9t\u00e9s autolubrifiantes commencent \u00e0 diminuer.\">Pour nettoyer le gode, utilisez de l&rsquo;eau et du savon, apr\u00e8s quoi vous le s\u00e9chez en tapotant.<\/p>\n<p class=\"tw-data-text tw-text-large tw-ta\" dir=\"ltr\" data-placeholder=\"Traduction\" data-ved=\"2ahUKEwjzv-uMufuKAxVeMtAFHbtTON8Q3ewLegQIChAU\" aria-label=\"Texte traduit\u00a0: Le docteur est l\u00e0 ! Gode \u200b\u200bautolubrifiant avec boules Dr. Skin Glide de 7 pouces est un jouet r\u00e9aliste et autolubrifiant qui n'a besoin que d'un peu d'eau pour obtenir glissant! Le Dr. Skin Glide est dot\u00e9 d'une base \u00e0 ventouse robuste qui tiendra toute surface plane et est compatible avec un harnais. Fabriqu\u00e9 \u00e0 partir de TPE sans danger pour le corps, ce jouet ne contient aucun parfum, phtalate, paraffine ou latex. Autolubrifiant les propri\u00e9t\u00e9s sont temporaires. Il durera jusqu'\u00e0 12 utilisations. Pour nettoyer, laver avec du savon et de l'eau. S\u00e9chez et laissez s\u00e9cher \u00e0 l'air avant de ranger. Utiliser le produit uniquement avec lubrifiants \u00e0 base d'eau. Il est recommand\u00e9 de commencer \u00e0 utiliser des produits \u00e0 base d'eau. les lubrifiants apr\u00e8s que les propri\u00e9t\u00e9s autolubrifiantes commencent \u00e0 diminuer.\">La capacit\u00e9 d&rsquo;auto glissement commence \u00e0 diminuer apr\u00e8s avoir utilis\u00e9 le gode environ 12 fois.<\/p>\n<p class=\"tw-data-text tw-text-large tw-ta\" dir=\"ltr\" data-placeholder=\"Traduction\" data-ved=\"2ahUKEwjzv-uMufuKAxVeMtAFHbtTON8Q3ewLegQIChAU\" aria-label=\"Texte traduit\u00a0: Le docteur est l\u00e0 ! Gode \u200b\u200bautolubrifiant avec boules Dr. Skin Glide de 7 pouces est un jouet r\u00e9aliste et autolubrifiant qui n'a besoin que d'un peu d'eau pour obtenir glissant! Le Dr. Skin Glide est dot\u00e9 d'une base \u00e0 ventouse robuste qui tiendra toute surface plane et est compatible avec un harnais. Fabriqu\u00e9 \u00e0 partir de TPE sans danger pour le corps, ce jouet ne contient aucun parfum, phtalate, paraffine ou latex. Autolubrifiant les propri\u00e9t\u00e9s sont temporaires. Il durera jusqu'\u00e0 12 utilisations. Pour nettoyer, laver avec du savon et de l'eau. S\u00e9chez et laissez s\u00e9cher \u00e0 l'air avant de ranger. Utiliser le produit uniquement avec lubrifiants \u00e0 base d'eau. Il est recommand\u00e9 de commencer \u00e0 utiliser des produits \u00e0 base d'eau. les lubrifiants apr\u00e8s que les propri\u00e9t\u00e9s autolubrifiantes commencent \u00e0 diminuer.\">Apr\u00e8s cela, vous pouvez simplement utiliser vous-m\u00eame un lubrifiant \u00e0 base d&rsquo;eau avec ce gode.<\/p>","protected":false},"featured_media":9576,"template":"","meta":[],"product_brand":[88],"product_cat":[53,47],"product_tag":[],"class_list":{"0":"post-5169","1":"product","2":"type-product","3":"status-publish","4":"has-post-thumbnail","6":"product_brand-dr-skin","7":"product_cat-godemichets","8":"product_cat-sextoys","11":"instock","12":"taxable","13":"shipping-taxable","14":"purchasable","15":"product-type-simple","16":"product-grid-view"},"_links":{"self":[{"href":"https:\/\/www.tahitiplaisirs.com\/en\/wp-json\/wp\/v2\/product\/5169","targetHints":{"allow":["GET"]}}],"collection":[{"href":"https:\/\/www.tahitiplaisirs.com\/en\/wp-json\/wp\/v2\/product"}],"about":[{"href":"https:\/\/www.tahitiplaisirs.com\/en\/wp-json\/wp\/v2\/types\/product"}],"version-history":[{"count":3,"href":"https:\/\/www.tahitiplaisirs.com\/en\/wp-json\/wp\/v2\/product\/5169\/revisions"}],"predecessor-version":[{"id":9578,"href":"https:\/\/www.tahitiplaisirs.com\/en\/wp-json\/wp\/v2\/product\/5169\/revisions\/9578"}],"wp:featuredmedia":[{"embeddable":true,"href":"https:\/\/www.tahitiplaisirs.com\/en\/wp-json\/wp\/v2\/media\/9576"}],"wp:attachment":[{"href":"https:\/\/www.tahitiplaisirs.com\/en\/wp-json\/wp\/v2\/media?parent=5169"}],"wp:term":[{"taxonomy":"product_brand","embeddable":true,"href":"https:\/\/www.tahitiplaisirs.com\/en\/wp-json\/wp\/v2\/product_brand?post=5169"},{"taxonomy":"product_cat","embeddable":true,"href":"https:\/\/www.tahitiplaisirs.com\/en\/wp-json\/wp\/v2\/product_cat?post=5169"},{"taxonomy":"product_tag","embeddable":true,"href":"https:\/\/www.tahitiplaisirs.com\/en\/wp-json\/wp\/v2\/product_tag?post=5169"}],"curies":[{"name":"wp","href":"https:\/\/api.w.org\/{rel}","templated":true}]}}