{"id":5170,"date":"2025-08-15T16:13:10","date_gmt":"2025-08-16T02:13:10","guid":{"rendered":"https:\/\/www.tahitiplaisirs.com\/?post_type=product&#038;p=5170"},"modified":"2026-02-24T15:18:20","modified_gmt":"2026-02-25T01:18:20","slug":"plug-queue-de-lapin-rose-sweet-caress","status":"publish","type":"product","link":"https:\/\/www.tahitiplaisirs.com\/en\/product\/plug-queue-de-lapin-rose-sweet-caress\/","title":{"rendered":"Plug queue de lapin rose Sweet Caress"},"content":{"rendered":"","protected":false},"excerpt":{"rendered":"<p>Plug queue de lapin rose de Sweet Caress<\/p>\n<p>Plug anal en silicone d\u00e9cor\u00e9 d&rsquo;un pompon rose en fourrure synth\u00e9tique.<\/p>\n<p>Ce plug anal fait 4cm de longueur sur 3cm de diam\u00e8tre au plus large.<\/p>\n<p>Sa base \u00e9largie permet une p\u00e9n\u00e9tration et un retrait en toute s\u00e9curit\u00e9.<\/p>","protected":false},"featured_media":9833,"template":"","meta":[],"product_brand":[],"product_cat":[62,47],"product_tag":[],"class_list":{"0":"post-5170","1":"product","2":"type-product","3":"status-publish","4":"has-post-thumbnail","6":"product_cat-plaisir-anal","7":"product_cat-sextoys","10":"instock","11":"taxable","12":"shipping-taxable","13":"purchasable","14":"product-type-simple","15":"product-grid-view"},"_links":{"self":[{"href":"https:\/\/www.tahitiplaisirs.com\/en\/wp-json\/wp\/v2\/product\/5170","targetHints":{"allow":["GET"]}}],"collection":[{"href":"https:\/\/www.tahitiplaisirs.com\/en\/wp-json\/wp\/v2\/product"}],"about":[{"href":"https:\/\/www.tahitiplaisirs.com\/en\/wp-json\/wp\/v2\/types\/product"}],"version-history":[{"count":3,"href":"https:\/\/www.tahitiplaisirs.com\/en\/wp-json\/wp\/v2\/product\/5170\/revisions"}],"predecessor-version":[{"id":9828,"href":"https:\/\/www.tahitiplaisirs.com\/en\/wp-json\/wp\/v2\/product\/5170\/revisions\/9828"}],"wp:featuredmedia":[{"embeddable":true,"href":"https:\/\/www.tahitiplaisirs.com\/en\/wp-json\/wp\/v2\/media\/9833"}],"wp:attachment":[{"href":"https:\/\/www.tahitiplaisirs.com\/en\/wp-json\/wp\/v2\/media?parent=5170"}],"wp:term":[{"taxonomy":"product_brand","embeddable":true,"href":"https:\/\/www.tahitiplaisirs.com\/en\/wp-json\/wp\/v2\/product_brand?post=5170"},{"taxonomy":"product_cat","embeddable":true,"href":"https:\/\/www.tahitiplaisirs.com\/en\/wp-json\/wp\/v2\/product_cat?post=5170"},{"taxonomy":"product_tag","embeddable":true,"href":"https:\/\/www.tahitiplaisirs.com\/en\/wp-json\/wp\/v2\/product_tag?post=5170"}],"curies":[{"name":"wp","href":"https:\/\/api.w.org\/{rel}","templated":true}]}}