{"id":5171,"date":"2025-08-15T16:13:10","date_gmt":"2025-08-16T02:13:10","guid":{"rendered":"https:\/\/www.tahitiplaisirs.com\/?post_type=product&#038;p=5171"},"modified":"2026-03-21T14:09:06","modified_gmt":"2026-03-22T00:09:06","slug":"gode-creux-james-chair-135cm","status":"publish","type":"product","link":"https:\/\/www.tahitiplaisirs.com\/en\/product\/gode-creux-james-chair-135cm\/","title":{"rendered":"Gode creux James chair 13,5cm"},"content":{"rendered":"","protected":false},"excerpt":{"rendered":"<p>Gode creux James chair 13,5cm de No-Parts<\/p>\n<p>James est un gode creux fabriqu\u00e9 en silicone avec une forme tr\u00e8s r\u00e9aliste.<\/p>\n<p>Il mesure 13,5cm de long et sa largeur au plus large est de 4cm.<\/p>\n<p>L&rsquo;int\u00e9rieur du gode est creux de 10cm pour un diam\u00e8tre de 3cm.<\/p>\n<p>Livr\u00e9 sans harnais.<\/p>","protected":false},"featured_media":7744,"template":"","meta":[],"product_brand":[],"product_cat":[53,47],"product_tag":[],"class_list":{"0":"post-5171","1":"product","2":"type-product","3":"status-publish","4":"has-post-thumbnail","6":"product_cat-godemichets","7":"product_cat-sextoys","10":"instock","11":"taxable","12":"shipping-taxable","13":"purchasable","14":"product-type-simple","15":"product-grid-view"},"_links":{"self":[{"href":"https:\/\/www.tahitiplaisirs.com\/en\/wp-json\/wp\/v2\/product\/5171","targetHints":{"allow":["GET"]}}],"collection":[{"href":"https:\/\/www.tahitiplaisirs.com\/en\/wp-json\/wp\/v2\/product"}],"about":[{"href":"https:\/\/www.tahitiplaisirs.com\/en\/wp-json\/wp\/v2\/types\/product"}],"version-history":[{"count":2,"href":"https:\/\/www.tahitiplaisirs.com\/en\/wp-json\/wp\/v2\/product\/5171\/revisions"}],"predecessor-version":[{"id":9456,"href":"https:\/\/www.tahitiplaisirs.com\/en\/wp-json\/wp\/v2\/product\/5171\/revisions\/9456"}],"wp:featuredmedia":[{"embeddable":true,"href":"https:\/\/www.tahitiplaisirs.com\/en\/wp-json\/wp\/v2\/media\/7744"}],"wp:attachment":[{"href":"https:\/\/www.tahitiplaisirs.com\/en\/wp-json\/wp\/v2\/media?parent=5171"}],"wp:term":[{"taxonomy":"product_brand","embeddable":true,"href":"https:\/\/www.tahitiplaisirs.com\/en\/wp-json\/wp\/v2\/product_brand?post=5171"},{"taxonomy":"product_cat","embeddable":true,"href":"https:\/\/www.tahitiplaisirs.com\/en\/wp-json\/wp\/v2\/product_cat?post=5171"},{"taxonomy":"product_tag","embeddable":true,"href":"https:\/\/www.tahitiplaisirs.com\/en\/wp-json\/wp\/v2\/product_tag?post=5171"}],"curies":[{"name":"wp","href":"https:\/\/api.w.org\/{rel}","templated":true}]}}