{"id":5177,"date":"2025-12-15T13:15:10","date_gmt":"2025-12-15T23:15:10","guid":{"rendered":"https:\/\/www.tahitiplaisirs.com\/?post_type=product&#038;p=5177"},"modified":"2026-03-21T14:08:23","modified_gmt":"2026-03-22T00:08:23","slug":"womanizer-premium-2-bleu","status":"publish","type":"product","link":"https:\/\/www.tahitiplaisirs.com\/en\/product\/womanizer-premium-2-bleu\/","title":{"rendered":"Womanizer Premium 2 bleu"},"content":{"rendered":"","protected":false},"excerpt":{"rendered":"<p dir=\"ltr\" data-placeholder=\"Traduction\" data-ved=\"2ahUKEwiNzOjwl9-EAxXFSTABHSw2DpQQ3ewLegQIBRAU\">Stimulateur Premium 2 bleu de Womanizer<\/p>\n<p>Le Womanizer Premium 2 a amplifi\u00e9 son jeu avec plus de niveaux d&rsquo;intensit\u00e9 que jamais et une fonction de pilote automatique am\u00e9lior\u00e9e pour vous emmener dans la course de votre vie.<\/p>\n<p>Avec la technologie originale Pleasure Air, c&rsquo;est le jouet ultime pour les femmes qui recherchent plus qu&rsquo;un simple appareil avec lequel jouer.<\/p>\n<p>De douces vibrations de l&rsquo;air aspirent et massent ensemble pour procurer une sensation orgasmique sans pr\u00e9c\u00e9dent.<\/p>\n<p>Pour une exp\u00e9rience sur mesure, basculez entre les t\u00eates de stimulation suppl\u00e9mentaires pour trouver le bon ajustement.<\/p>\n<p>14 niveaux d&rsquo;intensit\u00e9 vous permettent d&rsquo;obtenir votre r\u00e9glage parfait, qu&rsquo;il soit doux, puissant ou intense.<\/p>\n<p><strong>Principales caract\u00e9ristiques:<\/strong><\/p>\n<ul>\n<li>Stimulateur clitoridien<\/li>\n<li>14 niveaux d&rsquo;intensit\u00e9<\/li>\n<li>Pilote automatique am\u00e9lior\u00e9<\/li>\n<li>Chargement magn\u00e9tique &#8211; Rechargeable par USB<\/li>\n<li>T\u00eates de stimulation suppl\u00e9mentaires<\/li>\n<li>Indicateur LED<\/li>\n<li>Mode veille intuitif<\/li>\n<li>Technologie intelligente de silence<\/li>\n<li>Mat\u00e9riau en silicone sans danger pour le corps<\/li>\n<li>\u00c9tanche IPX7<\/li>\n<\/ul>","protected":false},"featured_media":9100,"template":"","meta":[],"product_brand":[97],"product_cat":[63,47,48],"product_tag":[],"class_list":{"0":"post-5177","1":"product","2":"type-product","3":"status-publish","4":"has-post-thumbnail","6":"product_brand-womanizer","7":"product_cat-pour-elle","8":"product_cat-sextoys","9":"product_cat-stimulateurs-clitoridiens","12":"instock","13":"taxable","14":"shipping-taxable","15":"purchasable","16":"product-type-simple","17":"product-grid-view"},"_links":{"self":[{"href":"https:\/\/www.tahitiplaisirs.com\/en\/wp-json\/wp\/v2\/product\/5177","targetHints":{"allow":["GET"]}}],"collection":[{"href":"https:\/\/www.tahitiplaisirs.com\/en\/wp-json\/wp\/v2\/product"}],"about":[{"href":"https:\/\/www.tahitiplaisirs.com\/en\/wp-json\/wp\/v2\/types\/product"}],"version-history":[{"count":4,"href":"https:\/\/www.tahitiplaisirs.com\/en\/wp-json\/wp\/v2\/product\/5177\/revisions"}],"predecessor-version":[{"id":10707,"href":"https:\/\/www.tahitiplaisirs.com\/en\/wp-json\/wp\/v2\/product\/5177\/revisions\/10707"}],"wp:featuredmedia":[{"embeddable":true,"href":"https:\/\/www.tahitiplaisirs.com\/en\/wp-json\/wp\/v2\/media\/9100"}],"wp:attachment":[{"href":"https:\/\/www.tahitiplaisirs.com\/en\/wp-json\/wp\/v2\/media?parent=5177"}],"wp:term":[{"taxonomy":"product_brand","embeddable":true,"href":"https:\/\/www.tahitiplaisirs.com\/en\/wp-json\/wp\/v2\/product_brand?post=5177"},{"taxonomy":"product_cat","embeddable":true,"href":"https:\/\/www.tahitiplaisirs.com\/en\/wp-json\/wp\/v2\/product_cat?post=5177"},{"taxonomy":"product_tag","embeddable":true,"href":"https:\/\/www.tahitiplaisirs.com\/en\/wp-json\/wp\/v2\/product_tag?post=5177"}],"curies":[{"name":"wp","href":"https:\/\/api.w.org\/{rel}","templated":true}]}}