{"id":5180,"date":"2025-08-15T16:13:10","date_gmt":"2025-08-16T02:13:10","guid":{"rendered":"https:\/\/www.tahitiplaisirs.com\/?post_type=product&#038;p=5180"},"modified":"2026-03-27T11:01:13","modified_gmt":"2026-03-27T21:01:13","slug":"stimulateur-pour-couple-kama-noir","status":"publish","type":"product","link":"https:\/\/www.tahitiplaisirs.com\/en\/product\/stimulateur-pour-couple-kama-noir\/","title":{"rendered":"Stimulateur Kama noir"},"content":{"rendered":"","protected":false},"excerpt":{"rendered":"<p>Stimulateur pour couple Kama noir de Rithual<\/p>\n<p>Kama est un sextoy pour couple fabriqu\u00e9 en silicone souple, doux et sans danger pour le corps.<\/p>\n<p>Il dispose de 2 moteurs puissants pour stimuler le clitoris et en m\u00eame temps le vagin et le p\u00e9nis.<\/p>\n<p>Sa t\u00e9l\u00e9commande permet de choisir parmi les 10 modes de vibration propos\u00e9s.<\/p>\n<p>Il est 100% \u00e9tanche, donc peut s&rsquo;utiliser sous la douche.<\/p>\n<p>Il se recharge via son c\u00e2ble USB.<\/p>","protected":false},"featured_media":6941,"template":"","meta":[],"product_brand":[],"product_cat":[71,47,48],"product_tag":[],"class_list":{"0":"post-5180","1":"product","2":"type-product","3":"status-publish","4":"has-post-thumbnail","6":"product_cat-pour-couple","7":"product_cat-sextoys","8":"product_cat-stimulateurs-clitoridiens","11":"instock","12":"taxable","13":"shipping-taxable","14":"purchasable","15":"product-type-simple","16":"product-grid-view"},"_links":{"self":[{"href":"https:\/\/www.tahitiplaisirs.com\/en\/wp-json\/wp\/v2\/product\/5180","targetHints":{"allow":["GET"]}}],"collection":[{"href":"https:\/\/www.tahitiplaisirs.com\/en\/wp-json\/wp\/v2\/product"}],"about":[{"href":"https:\/\/www.tahitiplaisirs.com\/en\/wp-json\/wp\/v2\/types\/product"}],"version-history":[{"count":2,"href":"https:\/\/www.tahitiplaisirs.com\/en\/wp-json\/wp\/v2\/product\/5180\/revisions"}],"predecessor-version":[{"id":6948,"href":"https:\/\/www.tahitiplaisirs.com\/en\/wp-json\/wp\/v2\/product\/5180\/revisions\/6948"}],"wp:featuredmedia":[{"embeddable":true,"href":"https:\/\/www.tahitiplaisirs.com\/en\/wp-json\/wp\/v2\/media\/6941"}],"wp:attachment":[{"href":"https:\/\/www.tahitiplaisirs.com\/en\/wp-json\/wp\/v2\/media?parent=5180"}],"wp:term":[{"taxonomy":"product_brand","embeddable":true,"href":"https:\/\/www.tahitiplaisirs.com\/en\/wp-json\/wp\/v2\/product_brand?post=5180"},{"taxonomy":"product_cat","embeddable":true,"href":"https:\/\/www.tahitiplaisirs.com\/en\/wp-json\/wp\/v2\/product_cat?post=5180"},{"taxonomy":"product_tag","embeddable":true,"href":"https:\/\/www.tahitiplaisirs.com\/en\/wp-json\/wp\/v2\/product_tag?post=5180"}],"curies":[{"name":"wp","href":"https:\/\/api.w.org\/{rel}","templated":true}]}}