{"id":5183,"date":"2025-08-15T16:13:10","date_gmt":"2025-08-16T02:13:10","guid":{"rendered":"https:\/\/www.tahitiplaisirs.com\/?post_type=product&#038;p=5183"},"modified":"2026-03-21T14:08:14","modified_gmt":"2026-03-22T00:08:14","slug":"lubrifiant-luxuria-feel-effet-chauffant","status":"publish","type":"product","link":"https:\/\/www.tahitiplaisirs.com\/en\/product\/lubrifiant-luxuria-feel-effet-chauffant\/","title":{"rendered":"Lubrifiant Feel effet chauffant"},"content":{"rendered":"","protected":false},"excerpt":{"rendered":"<p>Lubrifiant Luxuria Feel effet chauffant de Intimate Line<\/p>\n<p>Lubrifiant intime \u00e0 base d&rsquo;eau \u00e0 effet chauffant et stimulant sp\u00e9cialement formul\u00e9 pour l&rsquo;hydratation et la lubrification vaginale ou anale.<\/p>\n<p>Sa formule exclusive cr\u00e9e une sensation de chaleur stimulante.<\/p>\n<p>Ce lubrifiant est compatible avec les pr\u00e9servatifs, il ne laisse pas de d\u00e9p\u00f4ts huileux et ne contient pas de graisses.<\/p>\n<p>Contenance : 60ml<\/p>","protected":false},"featured_media":7657,"template":"","meta":[],"product_brand":[],"product_cat":[49,50],"product_tag":[],"class_list":{"0":"post-5183","1":"product","2":"type-product","3":"status-publish","4":"has-post-thumbnail","6":"product_cat-bien-etre","7":"product_cat-lubrifiants","10":"instock","11":"taxable","12":"shipping-taxable","13":"purchasable","14":"product-type-simple","15":"product-grid-view"},"_links":{"self":[{"href":"https:\/\/www.tahitiplaisirs.com\/en\/wp-json\/wp\/v2\/product\/5183","targetHints":{"allow":["GET"]}}],"collection":[{"href":"https:\/\/www.tahitiplaisirs.com\/en\/wp-json\/wp\/v2\/product"}],"about":[{"href":"https:\/\/www.tahitiplaisirs.com\/en\/wp-json\/wp\/v2\/types\/product"}],"version-history":[{"count":2,"href":"https:\/\/www.tahitiplaisirs.com\/en\/wp-json\/wp\/v2\/product\/5183\/revisions"}],"predecessor-version":[{"id":7650,"href":"https:\/\/www.tahitiplaisirs.com\/en\/wp-json\/wp\/v2\/product\/5183\/revisions\/7650"}],"wp:featuredmedia":[{"embeddable":true,"href":"https:\/\/www.tahitiplaisirs.com\/en\/wp-json\/wp\/v2\/media\/7657"}],"wp:attachment":[{"href":"https:\/\/www.tahitiplaisirs.com\/en\/wp-json\/wp\/v2\/media?parent=5183"}],"wp:term":[{"taxonomy":"product_brand","embeddable":true,"href":"https:\/\/www.tahitiplaisirs.com\/en\/wp-json\/wp\/v2\/product_brand?post=5183"},{"taxonomy":"product_cat","embeddable":true,"href":"https:\/\/www.tahitiplaisirs.com\/en\/wp-json\/wp\/v2\/product_cat?post=5183"},{"taxonomy":"product_tag","embeddable":true,"href":"https:\/\/www.tahitiplaisirs.com\/en\/wp-json\/wp\/v2\/product_tag?post=5183"}],"curies":[{"name":"wp","href":"https:\/\/api.w.org\/{rel}","templated":true}]}}