{"id":5184,"date":"2025-08-15T16:13:11","date_gmt":"2025-08-16T02:13:11","guid":{"rendered":"https:\/\/www.tahitiplaisirs.com\/?post_type=product&#038;p=5184"},"modified":"2026-04-08T10:55:03","modified_gmt":"2026-04-08T20:55:03","slug":"clit-me-on-menthe-poivree","status":"publish","type":"product","link":"https:\/\/www.tahitiplaisirs.com\/en\/product\/clit-me-on-menthe-poivree\/","title":{"rendered":"Clit Me On menthe poivr\u00e9e"},"content":{"rendered":"","protected":false},"excerpt":{"rendered":"<p>Clit Me On menthe poivr\u00e9e de Intt<\/p>\n<p><span class=\"a-list-item\">Clit Me On est un stimulant clitoridien au d\u00e9licieux go\u00fbt de menthe poivr\u00e9e qui procure des effets vibrants, puls\u00e9s qui augmente la sensibilit\u00e9 du clitoris et provoque une intense sensation de chaleur et peut procurer des orgasmes plus intenses.<\/span><\/p>\n<p><span class=\"a-list-item\">Applique jusqu&rsquo;\u00e0 3 pulv\u00e9risations sur la zone clitoridienne en \u00e9talant doucement.<br \/>\n<\/span><\/p>\n<p>Contenance : 12ml<\/p>\n<p>&nbsp;<\/p>","protected":false},"featured_media":7121,"template":"","meta":[],"product_brand":[],"product_cat":[49,63],"product_tag":[],"class_list":{"0":"post-5184","1":"product","2":"type-product","3":"status-publish","4":"has-post-thumbnail","6":"product_cat-bien-etre","7":"product_cat-pour-elle","10":"instock","11":"taxable","12":"shipping-taxable","13":"purchasable","14":"product-type-simple","15":"product-grid-view"},"_links":{"self":[{"href":"https:\/\/www.tahitiplaisirs.com\/en\/wp-json\/wp\/v2\/product\/5184","targetHints":{"allow":["GET"]}}],"collection":[{"href":"https:\/\/www.tahitiplaisirs.com\/en\/wp-json\/wp\/v2\/product"}],"about":[{"href":"https:\/\/www.tahitiplaisirs.com\/en\/wp-json\/wp\/v2\/types\/product"}],"version-history":[{"count":1,"href":"https:\/\/www.tahitiplaisirs.com\/en\/wp-json\/wp\/v2\/product\/5184\/revisions"}],"predecessor-version":[{"id":5214,"href":"https:\/\/www.tahitiplaisirs.com\/en\/wp-json\/wp\/v2\/product\/5184\/revisions\/5214"}],"wp:featuredmedia":[{"embeddable":true,"href":"https:\/\/www.tahitiplaisirs.com\/en\/wp-json\/wp\/v2\/media\/7121"}],"wp:attachment":[{"href":"https:\/\/www.tahitiplaisirs.com\/en\/wp-json\/wp\/v2\/media?parent=5184"}],"wp:term":[{"taxonomy":"product_brand","embeddable":true,"href":"https:\/\/www.tahitiplaisirs.com\/en\/wp-json\/wp\/v2\/product_brand?post=5184"},{"taxonomy":"product_cat","embeddable":true,"href":"https:\/\/www.tahitiplaisirs.com\/en\/wp-json\/wp\/v2\/product_cat?post=5184"},{"taxonomy":"product_tag","embeddable":true,"href":"https:\/\/www.tahitiplaisirs.com\/en\/wp-json\/wp\/v2\/product_tag?post=5184"}],"curies":[{"name":"wp","href":"https:\/\/api.w.org\/{rel}","templated":true}]}}