{"id":5185,"date":"2025-08-15T16:13:11","date_gmt":"2025-08-16T02:13:11","guid":{"rendered":"https:\/\/www.tahitiplaisirs.com\/?post_type=product&#038;p=5185"},"modified":"2026-03-03T08:55:12","modified_gmt":"2026-03-03T18:55:12","slug":"ensemble-vert-2-pcs-stm-s-l","status":"publish","type":"product","link":"https:\/\/www.tahitiplaisirs.com\/en\/product\/ensemble-vert-2-pcs-stm-s-l\/","title":{"rendered":"Ensemble vert 2 pcs STM S-L"},"content":{"rendered":"","protected":false},"excerpt":{"rendered":"<p>Ensemble vert 2 pi\u00e8ces de Seven&#8217;til Midnight<\/p>\n<p>Ensemble deux pi\u00e8ces compos\u00e9<\/p>\n<p>d&rsquo;une nuisette courte en dentelle et r\u00e9sille, qui est ouverte sur le devant avec un ruban de satin \u00e0 nouer et dont les bretelles sont r\u00e9glables.<\/p>\n<p>et d&rsquo;un string en dentelle festonn\u00e9e.<\/p>","protected":false},"featured_media":10949,"template":"","meta":[],"product_brand":[],"product_cat":[73,74],"product_tag":[],"class_list":{"0":"post-5185","1":"product","2":"type-product","3":"status-publish","4":"has-post-thumbnail","6":"product_cat-lingerie-sexy","7":"product_cat-nuisettes-bodys-et-set","10":"instock","11":"taxable","12":"shipping-taxable","13":"purchasable","14":"product-type-simple","15":"product-grid-view"},"_links":{"self":[{"href":"https:\/\/www.tahitiplaisirs.com\/en\/wp-json\/wp\/v2\/product\/5185","targetHints":{"allow":["GET"]}}],"collection":[{"href":"https:\/\/www.tahitiplaisirs.com\/en\/wp-json\/wp\/v2\/product"}],"about":[{"href":"https:\/\/www.tahitiplaisirs.com\/en\/wp-json\/wp\/v2\/types\/product"}],"version-history":[{"count":3,"href":"https:\/\/www.tahitiplaisirs.com\/en\/wp-json\/wp\/v2\/product\/5185\/revisions"}],"predecessor-version":[{"id":10951,"href":"https:\/\/www.tahitiplaisirs.com\/en\/wp-json\/wp\/v2\/product\/5185\/revisions\/10951"}],"wp:featuredmedia":[{"embeddable":true,"href":"https:\/\/www.tahitiplaisirs.com\/en\/wp-json\/wp\/v2\/media\/10949"}],"wp:attachment":[{"href":"https:\/\/www.tahitiplaisirs.com\/en\/wp-json\/wp\/v2\/media?parent=5185"}],"wp:term":[{"taxonomy":"product_brand","embeddable":true,"href":"https:\/\/www.tahitiplaisirs.com\/en\/wp-json\/wp\/v2\/product_brand?post=5185"},{"taxonomy":"product_cat","embeddable":true,"href":"https:\/\/www.tahitiplaisirs.com\/en\/wp-json\/wp\/v2\/product_cat?post=5185"},{"taxonomy":"product_tag","embeddable":true,"href":"https:\/\/www.tahitiplaisirs.com\/en\/wp-json\/wp\/v2\/product_tag?post=5185"}],"curies":[{"name":"wp","href":"https:\/\/api.w.org\/{rel}","templated":true}]}}