{"id":5187,"date":"2025-08-15T16:13:11","date_gmt":"2025-08-16T02:13:11","guid":{"rendered":"https:\/\/www.tahitiplaisirs.com\/?post_type=product&#038;p=5187"},"modified":"2026-03-21T14:08:09","modified_gmt":"2026-03-22T00:08:09","slug":"de-blanc-et-violet-pour-couple-lesbien","status":"publish","type":"product","link":"https:\/\/www.tahitiplaisirs.com\/en\/product\/de-blanc-et-violet-pour-couple-lesbien\/","title":{"rendered":"D\u00e9 blanc et violet pour couple lesbien"},"content":{"rendered":"","protected":false},"excerpt":{"rendered":"<p>D\u00e9 blanc et violet pour couple lesbien de Secret Play<\/p>\n<p>Quelle position prendrez-vous aujourd&rsquo;hui ?<\/p>\n<p>Et si vous laissiez le d\u00e9 \u00e9rotique Kamasutra lesbien d\u00e9cider pour vous ?<\/p>\n<p>Ce d\u00e9 est un moyen ludique de d\u00e9couvrir ou red\u00e9couvrir des positions classiques ou in\u00e9dites.<\/p>\n<p>De quoi surprendre et\/ou \u00eatre surprise au quotidien !<\/p>","protected":false},"featured_media":7738,"template":"","meta":[],"product_brand":[91],"product_cat":[57,61,71],"product_tag":[],"class_list":{"0":"post-5187","1":"product","2":"type-product","3":"status-publish","4":"has-post-thumbnail","6":"product_brand-secret-play","7":"product_cat-accessoires","8":"product_cat-jeux-coquins","9":"product_cat-pour-couple","12":"instock","13":"taxable","14":"shipping-taxable","15":"purchasable","16":"product-type-simple","17":"product-grid-view"},"_links":{"self":[{"href":"https:\/\/www.tahitiplaisirs.com\/en\/wp-json\/wp\/v2\/product\/5187","targetHints":{"allow":["GET"]}}],"collection":[{"href":"https:\/\/www.tahitiplaisirs.com\/en\/wp-json\/wp\/v2\/product"}],"about":[{"href":"https:\/\/www.tahitiplaisirs.com\/en\/wp-json\/wp\/v2\/types\/product"}],"version-history":[{"count":1,"href":"https:\/\/www.tahitiplaisirs.com\/en\/wp-json\/wp\/v2\/product\/5187\/revisions"}],"predecessor-version":[{"id":5217,"href":"https:\/\/www.tahitiplaisirs.com\/en\/wp-json\/wp\/v2\/product\/5187\/revisions\/5217"}],"wp:featuredmedia":[{"embeddable":true,"href":"https:\/\/www.tahitiplaisirs.com\/en\/wp-json\/wp\/v2\/media\/7738"}],"wp:attachment":[{"href":"https:\/\/www.tahitiplaisirs.com\/en\/wp-json\/wp\/v2\/media?parent=5187"}],"wp:term":[{"taxonomy":"product_brand","embeddable":true,"href":"https:\/\/www.tahitiplaisirs.com\/en\/wp-json\/wp\/v2\/product_brand?post=5187"},{"taxonomy":"product_cat","embeddable":true,"href":"https:\/\/www.tahitiplaisirs.com\/en\/wp-json\/wp\/v2\/product_cat?post=5187"},{"taxonomy":"product_tag","embeddable":true,"href":"https:\/\/www.tahitiplaisirs.com\/en\/wp-json\/wp\/v2\/product_tag?post=5187"}],"curies":[{"name":"wp","href":"https:\/\/api.w.org\/{rel}","templated":true}]}}