{"id":5189,"date":"2025-08-15T16:13:11","date_gmt":"2025-08-16T02:13:11","guid":{"rendered":"https:\/\/www.tahitiplaisirs.com\/?post_type=product&#038;p=5189"},"modified":"2026-03-27T11:01:12","modified_gmt":"2026-03-27T21:01:12","slug":"titan-gel-50ml","status":"publish","type":"product","link":"https:\/\/www.tahitiplaisirs.com\/en\/product\/titan-gel-50ml\/","title":{"rendered":"Titan gel 50ml"},"content":{"rendered":"","protected":false},"excerpt":{"rendered":"<p>Titan gel 50ml<\/p>\n<p>Ce Titan est un gel 3 en 1 !<\/p>\n<p>Il peut \u00eatre utilis\u00e9 comme simple lubrifiant pendant un rapport, avec une pompe \u00e0 vide lors de l&rsquo;ex\u00e9cution d&rsquo;exercices sp\u00e9ciaux d&rsquo;agrandissement du p\u00e9nis et comme gel de masturbation<\/p>\n<p>Il fournit une bonne lubrification, un confort pendant les rapports sexuels et a un effet positif sur la qualit\u00e9 de la vie sexuelle.<\/p>\n<p>Il am\u00e9liore la puissance personnelle et favorise des sensations nouvelles et intenses.<\/p>\n<p>Il ne tache pas, il est facile \u00e0 nettoyer avec de l&rsquo;eau et ne laisse aucun r\u00e9sidus.<\/p>\n<p>Il est sans parfum ni parab\u00e8nes.<\/p>","protected":false},"featured_media":7726,"template":"","meta":[],"product_brand":[],"product_cat":[49,50],"product_tag":[],"class_list":{"0":"post-5189","1":"product","2":"type-product","3":"status-publish","4":"has-post-thumbnail","6":"product_cat-bien-etre","7":"product_cat-lubrifiants","10":"instock","11":"taxable","12":"shipping-taxable","13":"purchasable","14":"product-type-simple","15":"product-grid-view"},"_links":{"self":[{"href":"https:\/\/www.tahitiplaisirs.com\/en\/wp-json\/wp\/v2\/product\/5189","targetHints":{"allow":["GET"]}}],"collection":[{"href":"https:\/\/www.tahitiplaisirs.com\/en\/wp-json\/wp\/v2\/product"}],"about":[{"href":"https:\/\/www.tahitiplaisirs.com\/en\/wp-json\/wp\/v2\/types\/product"}],"version-history":[{"count":2,"href":"https:\/\/www.tahitiplaisirs.com\/en\/wp-json\/wp\/v2\/product\/5189\/revisions"}],"predecessor-version":[{"id":9429,"href":"https:\/\/www.tahitiplaisirs.com\/en\/wp-json\/wp\/v2\/product\/5189\/revisions\/9429"}],"wp:featuredmedia":[{"embeddable":true,"href":"https:\/\/www.tahitiplaisirs.com\/en\/wp-json\/wp\/v2\/media\/7726"}],"wp:attachment":[{"href":"https:\/\/www.tahitiplaisirs.com\/en\/wp-json\/wp\/v2\/media?parent=5189"}],"wp:term":[{"taxonomy":"product_brand","embeddable":true,"href":"https:\/\/www.tahitiplaisirs.com\/en\/wp-json\/wp\/v2\/product_brand?post=5189"},{"taxonomy":"product_cat","embeddable":true,"href":"https:\/\/www.tahitiplaisirs.com\/en\/wp-json\/wp\/v2\/product_cat?post=5189"},{"taxonomy":"product_tag","embeddable":true,"href":"https:\/\/www.tahitiplaisirs.com\/en\/wp-json\/wp\/v2\/product_tag?post=5189"}],"curies":[{"name":"wp","href":"https:\/\/api.w.org\/{rel}","templated":true}]}}