{"id":5225,"date":"2025-08-15T16:13:14","date_gmt":"2025-08-16T02:13:14","guid":{"rendered":"https:\/\/www.tahitiplaisirs.com\/?post_type=product&#038;p=5225"},"modified":"2026-04-10T10:34:17","modified_gmt":"2026-04-10T20:34:17","slug":"body-noir-gw-queen-size","status":"publish","type":"product","link":"https:\/\/www.tahitiplaisirs.com\/en\/product\/body-noir-gw-queen-size\/","title":{"rendered":"Body noir GW Queen Size"},"content":{"rendered":"","protected":false},"excerpt":{"rendered":"<p>Body noir Queen Size de G World<\/p>\n<p><span dir=\"auto\">Robe longue glamour \u00e0 fente vaporeuse et d\u00e9collet\u00e9 en forme de goutte d&rsquo;eau, r\u00e9invent\u00e9e en body enti\u00e8rement lac\u00e9 avec entrejambe \u00e0 pression et d\u00e9tails de bretelles.<\/span><\/p>\n<p><span dir=\"auto\">Jarreti\u00e8re en dentelle incluse.<\/span><\/p>\n<p><span dir=\"auto\">Composition : 88 % polyamide, 12 % \u00e9lasthanne.<\/span><\/p>","protected":false},"featured_media":9581,"template":"","meta":[],"product_brand":[107],"product_cat":[73,74,63],"product_tag":[],"class_list":{"0":"post-5225","1":"product","2":"type-product","3":"status-publish","4":"has-post-thumbnail","6":"product_brand-g-world","7":"product_cat-lingerie-sexy","8":"product_cat-nuisettes-bodys-et-set","9":"product_cat-pour-elle","12":"instock","13":"taxable","14":"shipping-taxable","15":"purchasable","16":"product-type-simple","17":"product-grid-view"},"_links":{"self":[{"href":"https:\/\/www.tahitiplaisirs.com\/en\/wp-json\/wp\/v2\/product\/5225","targetHints":{"allow":["GET"]}}],"collection":[{"href":"https:\/\/www.tahitiplaisirs.com\/en\/wp-json\/wp\/v2\/product"}],"about":[{"href":"https:\/\/www.tahitiplaisirs.com\/en\/wp-json\/wp\/v2\/types\/product"}],"version-history":[{"count":3,"href":"https:\/\/www.tahitiplaisirs.com\/en\/wp-json\/wp\/v2\/product\/5225\/revisions"}],"predecessor-version":[{"id":9580,"href":"https:\/\/www.tahitiplaisirs.com\/en\/wp-json\/wp\/v2\/product\/5225\/revisions\/9580"}],"wp:featuredmedia":[{"embeddable":true,"href":"https:\/\/www.tahitiplaisirs.com\/en\/wp-json\/wp\/v2\/media\/9581"}],"wp:attachment":[{"href":"https:\/\/www.tahitiplaisirs.com\/en\/wp-json\/wp\/v2\/media?parent=5225"}],"wp:term":[{"taxonomy":"product_brand","embeddable":true,"href":"https:\/\/www.tahitiplaisirs.com\/en\/wp-json\/wp\/v2\/product_brand?post=5225"},{"taxonomy":"product_cat","embeddable":true,"href":"https:\/\/www.tahitiplaisirs.com\/en\/wp-json\/wp\/v2\/product_cat?post=5225"},{"taxonomy":"product_tag","embeddable":true,"href":"https:\/\/www.tahitiplaisirs.com\/en\/wp-json\/wp\/v2\/product_tag?post=5225"}],"curies":[{"name":"wp","href":"https:\/\/api.w.org\/{rel}","templated":true}]}}