{"id":5227,"date":"2025-08-15T16:13:15","date_gmt":"2025-08-16T02:13:15","guid":{"rendered":"https:\/\/www.tahitiplaisirs.com\/?post_type=product&#038;p=5227"},"modified":"2026-03-21T14:08:13","modified_gmt":"2026-03-22T00:08:13","slug":"anneau-stimulant-stay-hard-n03","status":"publish","type":"product","link":"https:\/\/www.tahitiplaisirs.com\/en\/product\/anneau-stimulant-stay-hard-n03\/","title":{"rendered":"Anneau Stay Hard n\u00b003"},"content":{"rendered":"","protected":false},"excerpt":{"rendered":"<p>Cockring stimulant n\u00b003 de Blush &#8211; Stay Hard<\/p>\n<p>Ce cockring a la particularit\u00e9 d&rsquo;avoir un double usage, il permet de maintenir et de renforcer l\u2019\u00e9rection de l&rsquo;homme et de stimuler les parois du vagin pendant la p\u00e9n\u00e9tration.<\/p>\n<p>D&rsquo;une longueur de 5cm et de 3cm de diam\u00e8tre (extensible).<\/p>\n<p>L&rsquo;utilisation d&rsquo;un lubrifiant \u00e0 base d\u2019eau est conseill\u00e9e pour un meilleur confort.<\/p>\n<p>Article non toxique, ne contient pas de phtalates<\/p>\n<p>Composition : TPE<\/p>","protected":false},"featured_media":7715,"template":"","meta":[],"product_brand":[],"product_cat":[68,47],"product_tag":[],"class_list":{"0":"post-5227","1":"product","2":"type-product","3":"status-publish","4":"has-post-thumbnail","6":"product_cat-anneaux","7":"product_cat-sextoys","10":"instock","11":"taxable","12":"shipping-taxable","13":"purchasable","14":"product-type-simple","15":"product-grid-view"},"_links":{"self":[{"href":"https:\/\/www.tahitiplaisirs.com\/en\/wp-json\/wp\/v2\/product\/5227","targetHints":{"allow":["GET"]}}],"collection":[{"href":"https:\/\/www.tahitiplaisirs.com\/en\/wp-json\/wp\/v2\/product"}],"about":[{"href":"https:\/\/www.tahitiplaisirs.com\/en\/wp-json\/wp\/v2\/types\/product"}],"version-history":[{"count":1,"href":"https:\/\/www.tahitiplaisirs.com\/en\/wp-json\/wp\/v2\/product\/5227\/revisions"}],"predecessor-version":[{"id":5257,"href":"https:\/\/www.tahitiplaisirs.com\/en\/wp-json\/wp\/v2\/product\/5227\/revisions\/5257"}],"wp:featuredmedia":[{"embeddable":true,"href":"https:\/\/www.tahitiplaisirs.com\/en\/wp-json\/wp\/v2\/media\/7715"}],"wp:attachment":[{"href":"https:\/\/www.tahitiplaisirs.com\/en\/wp-json\/wp\/v2\/media?parent=5227"}],"wp:term":[{"taxonomy":"product_brand","embeddable":true,"href":"https:\/\/www.tahitiplaisirs.com\/en\/wp-json\/wp\/v2\/product_brand?post=5227"},{"taxonomy":"product_cat","embeddable":true,"href":"https:\/\/www.tahitiplaisirs.com\/en\/wp-json\/wp\/v2\/product_cat?post=5227"},{"taxonomy":"product_tag","embeddable":true,"href":"https:\/\/www.tahitiplaisirs.com\/en\/wp-json\/wp\/v2\/product_tag?post=5227"}],"curies":[{"name":"wp","href":"https:\/\/api.w.org\/{rel}","templated":true}]}}