{"id":5235,"date":"2025-08-15T16:13:15","date_gmt":"2025-08-16T02:13:15","guid":{"rendered":"https:\/\/www.tahitiplaisirs.com\/?post_type=product&#038;p=5235"},"modified":"2026-03-21T14:08:03","modified_gmt":"2026-03-22T00:08:03","slug":"collier-en-maille-metallique","status":"publish","type":"product","link":"https:\/\/www.tahitiplaisirs.com\/en\/product\/collier-en-maille-metallique\/","title":{"rendered":"Collier en maille m\u00e9tallique"},"content":{"rendered":"","protected":false},"excerpt":{"rendered":"<p>Collier en maille m\u00e9tallique de Bijoux Indiscrets<\/p>\n<p>\u00c9l\u00e9gant collier en maille m\u00e9tallique \u00e0 porter en toute occasion ou en compl\u00e9ment \u00e0 vos jeux de bondage&#8230;<\/p>\n<p>Cet accessoire tour de cou en maille m\u00e9tallique et ceinture en cha\u00eene est 100% r\u00e9glable.<\/p>","protected":false},"featured_media":9612,"template":"","meta":[],"product_brand":[],"product_cat":[57],"product_tag":[],"class_list":{"0":"post-5235","1":"product","2":"type-product","3":"status-publish","4":"has-post-thumbnail","6":"product_cat-accessoires","9":"instock","10":"taxable","11":"shipping-taxable","12":"purchasable","13":"product-type-simple","14":"product-grid-view"},"_links":{"self":[{"href":"https:\/\/www.tahitiplaisirs.com\/en\/wp-json\/wp\/v2\/product\/5235","targetHints":{"allow":["GET"]}}],"collection":[{"href":"https:\/\/www.tahitiplaisirs.com\/en\/wp-json\/wp\/v2\/product"}],"about":[{"href":"https:\/\/www.tahitiplaisirs.com\/en\/wp-json\/wp\/v2\/types\/product"}],"version-history":[{"count":2,"href":"https:\/\/www.tahitiplaisirs.com\/en\/wp-json\/wp\/v2\/product\/5235\/revisions"}],"predecessor-version":[{"id":9613,"href":"https:\/\/www.tahitiplaisirs.com\/en\/wp-json\/wp\/v2\/product\/5235\/revisions\/9613"}],"wp:featuredmedia":[{"embeddable":true,"href":"https:\/\/www.tahitiplaisirs.com\/en\/wp-json\/wp\/v2\/media\/9612"}],"wp:attachment":[{"href":"https:\/\/www.tahitiplaisirs.com\/en\/wp-json\/wp\/v2\/media?parent=5235"}],"wp:term":[{"taxonomy":"product_brand","embeddable":true,"href":"https:\/\/www.tahitiplaisirs.com\/en\/wp-json\/wp\/v2\/product_brand?post=5235"},{"taxonomy":"product_cat","embeddable":true,"href":"https:\/\/www.tahitiplaisirs.com\/en\/wp-json\/wp\/v2\/product_cat?post=5235"},{"taxonomy":"product_tag","embeddable":true,"href":"https:\/\/www.tahitiplaisirs.com\/en\/wp-json\/wp\/v2\/product_tag?post=5235"}],"curies":[{"name":"wp","href":"https:\/\/api.w.org\/{rel}","templated":true}]}}