{"id":5239,"date":"2025-08-15T16:13:15","date_gmt":"2025-08-16T02:13:15","guid":{"rendered":"https:\/\/www.tahitiplaisirs.com\/?post_type=product&#038;p=5239"},"modified":"2026-03-21T14:07:22","modified_gmt":"2026-03-22T00:07:22","slug":"recharge-15-meches-en-coton","status":"publish","type":"product","link":"https:\/\/www.tahitiplaisirs.com\/en\/product\/recharge-15-meches-en-coton\/","title":{"rendered":"Recharge 15 m\u00e8ches en coton"},"content":{"rendered":"","protected":false},"excerpt":{"rendered":"<p class=\"heading\">Recharge coton pour inhalateur de Sexline<\/p>\n<p>Lot de 15 m\u00e8ches en coton pour recharger l&rsquo;inhalateur \u00e0 ar\u00f4me.<\/p>\n<div id=\"short_description_block\">\n<div id=\"short_description_content\" class=\"rte align_justify\">\n<p>Une m\u00e8che mesure 7,5cm de longueur.<\/p>\n<p>100% Coton<\/p>\n<\/div>\n<\/div>","protected":false},"featured_media":7717,"template":"","meta":[],"product_brand":[],"product_cat":[57,84],"product_tag":[],"class_list":{"0":"post-5239","1":"product","2":"type-product","3":"status-publish","4":"has-post-thumbnail","6":"product_cat-accessoires","7":"product_cat-poppers","10":"instock","11":"taxable","12":"shipping-taxable","13":"purchasable","14":"product-type-simple","15":"product-grid-view"},"_links":{"self":[{"href":"https:\/\/www.tahitiplaisirs.com\/en\/wp-json\/wp\/v2\/product\/5239","targetHints":{"allow":["GET"]}}],"collection":[{"href":"https:\/\/www.tahitiplaisirs.com\/en\/wp-json\/wp\/v2\/product"}],"about":[{"href":"https:\/\/www.tahitiplaisirs.com\/en\/wp-json\/wp\/v2\/types\/product"}],"version-history":[{"count":2,"href":"https:\/\/www.tahitiplaisirs.com\/en\/wp-json\/wp\/v2\/product\/5239\/revisions"}],"predecessor-version":[{"id":11008,"href":"https:\/\/www.tahitiplaisirs.com\/en\/wp-json\/wp\/v2\/product\/5239\/revisions\/11008"}],"wp:featuredmedia":[{"embeddable":true,"href":"https:\/\/www.tahitiplaisirs.com\/en\/wp-json\/wp\/v2\/media\/7717"}],"wp:attachment":[{"href":"https:\/\/www.tahitiplaisirs.com\/en\/wp-json\/wp\/v2\/media?parent=5239"}],"wp:term":[{"taxonomy":"product_brand","embeddable":true,"href":"https:\/\/www.tahitiplaisirs.com\/en\/wp-json\/wp\/v2\/product_brand?post=5239"},{"taxonomy":"product_cat","embeddable":true,"href":"https:\/\/www.tahitiplaisirs.com\/en\/wp-json\/wp\/v2\/product_cat?post=5239"},{"taxonomy":"product_tag","embeddable":true,"href":"https:\/\/www.tahitiplaisirs.com\/en\/wp-json\/wp\/v2\/product_tag?post=5239"}],"curies":[{"name":"wp","href":"https:\/\/api.w.org\/{rel}","templated":true}]}}