{"id":5243,"date":"2025-08-15T16:13:15","date_gmt":"2025-08-16T02:13:15","guid":{"rendered":"https:\/\/www.tahitiplaisirs.com\/?post_type=product&#038;p=5243"},"modified":"2026-04-10T10:02:08","modified_gmt":"2026-04-10T20:02:08","slug":"flirty-kiss","status":"publish","type":"product","link":"https:\/\/www.tahitiplaisirs.com\/en\/product\/flirty-kiss\/","title":{"rendered":"Flirty Kiss"},"content":{"rendered":"","protected":false},"excerpt":{"rendered":"<p>Flirty Kiss de Secret Play<\/p>\n<p>D\u00e9couvrez Flirty Kiss, une explosion de sensations pour des baisers et des moments de sexe oral inoubliables !<\/p>\n<p>Flirty Kiss est compos\u00e9 de deux gels : un gel \u00e0 la fraise pour une sensation de chaleur \u00e9pic\u00e9e et un gel \u00e0 la menthe pour une fra\u00eecheur vivifiante.<\/p>\n<p>Ils sont parfaits pour une utilisation \u00e0 deux. L\u2019un des partenaires profitera de la chaleur envo\u00fbtante de la fraise et de son effet \u00e9pic\u00e9 stimulant, tandis que l\u2019autre ressentira la fra\u00eecheur vivifiante de la menthe.<\/p>\n<p>Essayer Flirty Kiss :<\/p>\n<ul>\n<li>Ils ajoutent de la nouveaut\u00e9 et de la surprise donc de l&rsquo;excitation<\/li>\n<li>Ils sont amusant avec leurs effets surprenants (chaleur \u00e9pic\u00e9e et fra\u00eecheur et vibrations)<\/li>\n<li>Des saveurs agr\u00e9ables, fraise et menthe 100% comestibles<\/li>\n<li>Un nouvel outil pour plus d&rsquo;intimit\u00e9 avec votre partenaire<\/li>\n<\/ul>\n<p>Capacit\u00e9 : 8 g x 2 = 16 g<\/p>\n<p>Mode d&#8217;emploi : Appliquez sur vos l\u00e8vres, vous remarquerez les diff\u00e9rents effets en quelques secondes.<\/p>\n<p>Ingr\u00e9dients de Flirty Kiss Fraise\u00a0: Glyc\u00e9rine E422, Eau, Humectant E420, Ar\u00f4me, Colorant E124, Correcteur d&rsquo;acidit\u00e9 E330, Conservateurs E202, E211, \u00c9paississant E415, Stabilisant E1520, \u00c9dulcorant E954, Extrait de Capsicum.<\/p>\n<p>Ingr\u00e9dients de Flirty Kiss Mint :\u00a0Glyc\u00e9rine E422, Eau, Humectant E420, Ar\u00f4mes, Extrait d&rsquo;Acmella Oleracea, Colorants E102, E131, Menthol, Correcteur d&rsquo;acidit\u00e9 E330, Conservateurs E202, E211, \u00c9paississant E415, Stabilisant E1520, \u00c9dulcorant E954.<\/p>","protected":false},"featured_media":10823,"template":"","meta":[],"product_brand":[91],"product_cat":[49,63,67],"product_tag":[],"class_list":{"0":"post-5243","1":"product","2":"type-product","3":"status-publish","4":"has-post-thumbnail","6":"product_brand-secret-play","7":"product_cat-bien-etre","8":"product_cat-pour-elle","9":"product_cat-stimulants-femmes","12":"instock","13":"taxable","14":"shipping-taxable","15":"purchasable","16":"product-type-simple","17":"product-grid-view"},"_links":{"self":[{"href":"https:\/\/www.tahitiplaisirs.com\/en\/wp-json\/wp\/v2\/product\/5243","targetHints":{"allow":["GET"]}}],"collection":[{"href":"https:\/\/www.tahitiplaisirs.com\/en\/wp-json\/wp\/v2\/product"}],"about":[{"href":"https:\/\/www.tahitiplaisirs.com\/en\/wp-json\/wp\/v2\/types\/product"}],"version-history":[{"count":3,"href":"https:\/\/www.tahitiplaisirs.com\/en\/wp-json\/wp\/v2\/product\/5243\/revisions"}],"predecessor-version":[{"id":10927,"href":"https:\/\/www.tahitiplaisirs.com\/en\/wp-json\/wp\/v2\/product\/5243\/revisions\/10927"}],"wp:featuredmedia":[{"embeddable":true,"href":"https:\/\/www.tahitiplaisirs.com\/en\/wp-json\/wp\/v2\/media\/10823"}],"wp:attachment":[{"href":"https:\/\/www.tahitiplaisirs.com\/en\/wp-json\/wp\/v2\/media?parent=5243"}],"wp:term":[{"taxonomy":"product_brand","embeddable":true,"href":"https:\/\/www.tahitiplaisirs.com\/en\/wp-json\/wp\/v2\/product_brand?post=5243"},{"taxonomy":"product_cat","embeddable":true,"href":"https:\/\/www.tahitiplaisirs.com\/en\/wp-json\/wp\/v2\/product_cat?post=5243"},{"taxonomy":"product_tag","embeddable":true,"href":"https:\/\/www.tahitiplaisirs.com\/en\/wp-json\/wp\/v2\/product_tag?post=5243"}],"curies":[{"name":"wp","href":"https:\/\/api.w.org\/{rel}","templated":true}]}}