{"id":5244,"date":"2025-08-15T16:13:15","date_gmt":"2025-08-16T02:13:15","guid":{"rendered":"https:\/\/www.tahitiplaisirs.com\/?post_type=product&#038;p=5244"},"modified":"2026-02-17T14:12:20","modified_gmt":"2026-02-18T00:12:20","slug":"gaine-2-en-1-addicted-toys","status":"publish","type":"product","link":"https:\/\/www.tahitiplaisirs.com\/en\/product\/gaine-2-en-1-addicted-toys\/","title":{"rendered":"Gaine 2 en 1 Addicted Toys"},"content":{"rendered":"","protected":false},"excerpt":{"rendered":"<p>Gaine 2 en 1 de Addicted Toys<\/p>\n<p>Ce sextoy pour homme est un 2 en 1, il r\u00e9uni \u00e0 la fois une gaine de p\u00e9nis et un masturbateur.<\/p>\n<p>La gaine mesure 21,5cm, dont 15cm pour le masturbateur pour un diam\u00e8tre externe de 4,5cm<\/p>\n<p>Il est fabriqu\u00e9 en TPR et est flexible.<\/p>","protected":false},"featured_media":10825,"template":"","meta":[],"product_brand":[120],"product_cat":[76,78,51,47],"product_tag":[],"class_list":{"0":"post-5244","1":"product","2":"type-product","3":"status-publish","4":"has-post-thumbnail","6":"product_brand-addicted-toys","7":"product_cat-gaines","8":"product_cat-masturbateurs","9":"product_cat-pour-lui","10":"product_cat-sextoys","13":"instock","14":"taxable","15":"shipping-taxable","16":"purchasable","17":"product-type-simple","18":"product-grid-view"},"_links":{"self":[{"href":"https:\/\/www.tahitiplaisirs.com\/en\/wp-json\/wp\/v2\/product\/5244","targetHints":{"allow":["GET"]}}],"collection":[{"href":"https:\/\/www.tahitiplaisirs.com\/en\/wp-json\/wp\/v2\/product"}],"about":[{"href":"https:\/\/www.tahitiplaisirs.com\/en\/wp-json\/wp\/v2\/types\/product"}],"version-history":[{"count":3,"href":"https:\/\/www.tahitiplaisirs.com\/en\/wp-json\/wp\/v2\/product\/5244\/revisions"}],"predecessor-version":[{"id":10925,"href":"https:\/\/www.tahitiplaisirs.com\/en\/wp-json\/wp\/v2\/product\/5244\/revisions\/10925"}],"wp:featuredmedia":[{"embeddable":true,"href":"https:\/\/www.tahitiplaisirs.com\/en\/wp-json\/wp\/v2\/media\/10825"}],"wp:attachment":[{"href":"https:\/\/www.tahitiplaisirs.com\/en\/wp-json\/wp\/v2\/media?parent=5244"}],"wp:term":[{"taxonomy":"product_brand","embeddable":true,"href":"https:\/\/www.tahitiplaisirs.com\/en\/wp-json\/wp\/v2\/product_brand?post=5244"},{"taxonomy":"product_cat","embeddable":true,"href":"https:\/\/www.tahitiplaisirs.com\/en\/wp-json\/wp\/v2\/product_cat?post=5244"},{"taxonomy":"product_tag","embeddable":true,"href":"https:\/\/www.tahitiplaisirs.com\/en\/wp-json\/wp\/v2\/product_tag?post=5244"}],"curies":[{"name":"wp","href":"https:\/\/api.w.org\/{rel}","templated":true}]}}