{"id":5245,"date":"2026-02-17T10:00:15","date_gmt":"2026-02-17T20:00:15","guid":{"rendered":"https:\/\/www.tahitiplaisirs.com\/?post_type=product&#038;p=5245"},"modified":"2026-02-18T16:22:53","modified_gmt":"2026-02-19T02:22:53","slug":"lush-mini","status":"publish","type":"product","link":"https:\/\/www.tahitiplaisirs.com\/en\/product\/lush-mini\/","title":{"rendered":"Lush Mini"},"content":{"rendered":"","protected":false},"excerpt":{"rendered":"<p>Lush Mini de Lovense<\/p>\n<p>Lush Mini de Lovense, c\u2019est la version plus compacte et l\u00e9g\u00e8re du\u00a0Lush 4.<\/p>\n<p>Avec ses 31mm de diam\u00e8tre, il se fait tout mini pour se glisser o\u00f9 il faut.<\/p>\n<p>Ses 58g (au lieu de 75g pour le Lush 4) vous apportent un plus grand confort m\u00eame en mouvement.<\/p>\n<p>Et sa forme incurv\u00e9e \u00e9pouse toujours parfaitement les courbes f\u00e9minines pour une stimulation parfaite du point G.<\/p>\n<p>Ultra silencieux avec ses 36dB, il vous permet de pimenter vos sorties sans attirer l&rsquo;attention, m\u00eame dans les endroits les plus calmes.<\/p>\n<p>Le combo parfait entre discr\u00e9tion et sensations fortes !<\/p>","protected":false},"featured_media":10916,"template":"","meta":[],"product_brand":[149],"product_cat":[79,75,47],"product_tag":[],"class_list":{"0":"post-5245","1":"product","2":"type-product","3":"status-publish","4":"has-post-thumbnail","6":"product_brand-lovense","7":"product_cat-les-connectes","8":"product_cat-oeufs-boules-de-geisha","9":"product_cat-sextoys","12":"instock","13":"taxable","14":"shipping-taxable","15":"purchasable","16":"product-type-simple","17":"product-grid-view"},"_links":{"self":[{"href":"https:\/\/www.tahitiplaisirs.com\/en\/wp-json\/wp\/v2\/product\/5245","targetHints":{"allow":["GET"]}}],"collection":[{"href":"https:\/\/www.tahitiplaisirs.com\/en\/wp-json\/wp\/v2\/product"}],"about":[{"href":"https:\/\/www.tahitiplaisirs.com\/en\/wp-json\/wp\/v2\/types\/product"}],"version-history":[{"count":3,"href":"https:\/\/www.tahitiplaisirs.com\/en\/wp-json\/wp\/v2\/product\/5245\/revisions"}],"predecessor-version":[{"id":10922,"href":"https:\/\/www.tahitiplaisirs.com\/en\/wp-json\/wp\/v2\/product\/5245\/revisions\/10922"}],"wp:featuredmedia":[{"embeddable":true,"href":"https:\/\/www.tahitiplaisirs.com\/en\/wp-json\/wp\/v2\/media\/10916"}],"wp:attachment":[{"href":"https:\/\/www.tahitiplaisirs.com\/en\/wp-json\/wp\/v2\/media?parent=5245"}],"wp:term":[{"taxonomy":"product_brand","embeddable":true,"href":"https:\/\/www.tahitiplaisirs.com\/en\/wp-json\/wp\/v2\/product_brand?post=5245"},{"taxonomy":"product_cat","embeddable":true,"href":"https:\/\/www.tahitiplaisirs.com\/en\/wp-json\/wp\/v2\/product_cat?post=5245"},{"taxonomy":"product_tag","embeddable":true,"href":"https:\/\/www.tahitiplaisirs.com\/en\/wp-json\/wp\/v2\/product_tag?post=5245"}],"curies":[{"name":"wp","href":"https:\/\/api.w.org\/{rel}","templated":true}]}}