{"id":5247,"date":"2025-08-15T16:13:16","date_gmt":"2025-08-16T02:13:16","guid":{"rendered":"https:\/\/www.tahitiplaisirs.com\/?post_type=product&#038;p=5247"},"modified":"2026-02-16T10:54:02","modified_gmt":"2026-02-16T20:54:02","slug":"masturbateur-smooth-stripes","status":"publish","type":"product","link":"https:\/\/www.tahitiplaisirs.com\/en\/product\/masturbateur-smooth-stripes\/","title":{"rendered":"Masturbateur Smooth Stripes"},"content":{"rendered":"","protected":false},"excerpt":{"rendered":"<p>Masturbateur Smooth Stripes Cupid-X de Baile &#8211; Pretty Love<\/p>\n<p><span dir=\"auto\">Cette gamme propose 3 designs de surface uniques, 3 couleurs diff\u00e9rentes et 3 tunnels distincts.<\/span><\/p>\n<p><span dir=\"auto\">D\u00e9ballez l&#8217;emballage et laissez-vous emporter par une palette de nouvelles sensations gr\u00e2ce \u00e0 ses textures internes d\u00e9licatement stimulantes.<\/span><\/p>\n<p><span dir=\"auto\">Fabriqu\u00e9 dans un mat\u00e9riau ultra \u00e9lastique sans phtalates, adapt\u00e9 \u00e0 presque toutes les tailles de p\u00e9nis, Cupid-X est une introduction id\u00e9ale \u00e0 l&rsquo;univers des sextoys et ravira les passionn\u00e9s.<\/span><\/p>\n<p><span dir=\"auto\">Appliquez simplement du lubrifiant et ins\u00e9rez votre p\u00e9nis dans l&rsquo;ouverture \u00e9troite \u00e0 la base du masturbateur, puis \u00e9tirez ce masturbateur r\u00e9volutionnaire sur toute la longueur de votre verge.<\/span><\/p>\n<p><span dir=\"auto\">Collectionnez les tous !<\/span><\/p>\n<p><span dir=\"auto\">Chaque face du Cupid-X offre des sensations diff\u00e9rentes pour une exp\u00e9rience vari\u00e9e !<\/span><\/p>","protected":false},"featured_media":10479,"template":"","meta":[],"product_brand":[93],"product_cat":[78,51,47],"product_tag":[],"class_list":{"0":"post-5247","1":"product","2":"type-product","3":"status-publish","4":"has-post-thumbnail","6":"product_brand-baile-pretty-love","7":"product_cat-masturbateurs","8":"product_cat-pour-lui","9":"product_cat-sextoys","12":"instock","13":"taxable","14":"shipping-taxable","15":"purchasable","16":"product-type-simple","17":"product-grid-view"},"_links":{"self":[{"href":"https:\/\/www.tahitiplaisirs.com\/en\/wp-json\/wp\/v2\/product\/5247","targetHints":{"allow":["GET"]}}],"collection":[{"href":"https:\/\/www.tahitiplaisirs.com\/en\/wp-json\/wp\/v2\/product"}],"about":[{"href":"https:\/\/www.tahitiplaisirs.com\/en\/wp-json\/wp\/v2\/types\/product"}],"version-history":[{"count":3,"href":"https:\/\/www.tahitiplaisirs.com\/en\/wp-json\/wp\/v2\/product\/5247\/revisions"}],"predecessor-version":[{"id":10515,"href":"https:\/\/www.tahitiplaisirs.com\/en\/wp-json\/wp\/v2\/product\/5247\/revisions\/10515"}],"wp:featuredmedia":[{"embeddable":true,"href":"https:\/\/www.tahitiplaisirs.com\/en\/wp-json\/wp\/v2\/media\/10479"}],"wp:attachment":[{"href":"https:\/\/www.tahitiplaisirs.com\/en\/wp-json\/wp\/v2\/media?parent=5247"}],"wp:term":[{"taxonomy":"product_brand","embeddable":true,"href":"https:\/\/www.tahitiplaisirs.com\/en\/wp-json\/wp\/v2\/product_brand?post=5247"},{"taxonomy":"product_cat","embeddable":true,"href":"https:\/\/www.tahitiplaisirs.com\/en\/wp-json\/wp\/v2\/product_cat?post=5247"},{"taxonomy":"product_tag","embeddable":true,"href":"https:\/\/www.tahitiplaisirs.com\/en\/wp-json\/wp\/v2\/product_tag?post=5247"}],"curies":[{"name":"wp","href":"https:\/\/api.w.org\/{rel}","templated":true}]}}