{"id":5248,"date":"2025-08-15T16:13:16","date_gmt":"2025-08-16T02:13:16","guid":{"rendered":"https:\/\/www.tahitiplaisirs.com\/?post_type=product&#038;p=5248"},"modified":"2026-02-17T14:12:15","modified_gmt":"2026-02-18T00:12:15","slug":"serre-tete-penis-rose","status":"publish","type":"product","link":"https:\/\/www.tahitiplaisirs.com\/en\/product\/serre-tete-penis-rose\/","title":{"rendered":"Serre t\u00eate p\u00e9nis rose"},"content":{"rendered":"","protected":false},"excerpt":{"rendered":"<p>Serre t\u00eate p\u00e9nis rose<\/p>\n<p>Donnez une touche amusante \u00e0 vos f\u00eates avec notre serre t\u00eate \u00ab\u00a0p\u00e9nis\u00a0\u00bb !<\/p>\n<p>Amusez vous entre copines lors d&rsquo;un EVJF ou anniversaire avec ce serre t\u00eate original qui garantit des fous rires assur\u00e9s !<\/p>\n<p>Parfait pour une touche de fantaisie et de bonne humeur.<\/p>","protected":false},"featured_media":10834,"template":"","meta":[],"product_brand":[],"product_cat":[57,63],"product_tag":[],"class_list":{"0":"post-5248","1":"product","2":"type-product","3":"status-publish","4":"has-post-thumbnail","6":"product_cat-accessoires","7":"product_cat-pour-elle","10":"instock","11":"taxable","12":"shipping-taxable","13":"purchasable","14":"product-type-simple","15":"product-grid-view"},"_links":{"self":[{"href":"https:\/\/www.tahitiplaisirs.com\/en\/wp-json\/wp\/v2\/product\/5248","targetHints":{"allow":["GET"]}}],"collection":[{"href":"https:\/\/www.tahitiplaisirs.com\/en\/wp-json\/wp\/v2\/product"}],"about":[{"href":"https:\/\/www.tahitiplaisirs.com\/en\/wp-json\/wp\/v2\/types\/product"}],"version-history":[{"count":3,"href":"https:\/\/www.tahitiplaisirs.com\/en\/wp-json\/wp\/v2\/product\/5248\/revisions"}],"predecessor-version":[{"id":10844,"href":"https:\/\/www.tahitiplaisirs.com\/en\/wp-json\/wp\/v2\/product\/5248\/revisions\/10844"}],"wp:featuredmedia":[{"embeddable":true,"href":"https:\/\/www.tahitiplaisirs.com\/en\/wp-json\/wp\/v2\/media\/10834"}],"wp:attachment":[{"href":"https:\/\/www.tahitiplaisirs.com\/en\/wp-json\/wp\/v2\/media?parent=5248"}],"wp:term":[{"taxonomy":"product_brand","embeddable":true,"href":"https:\/\/www.tahitiplaisirs.com\/en\/wp-json\/wp\/v2\/product_brand?post=5248"},{"taxonomy":"product_cat","embeddable":true,"href":"https:\/\/www.tahitiplaisirs.com\/en\/wp-json\/wp\/v2\/product_cat?post=5248"},{"taxonomy":"product_tag","embeddable":true,"href":"https:\/\/www.tahitiplaisirs.com\/en\/wp-json\/wp\/v2\/product_tag?post=5248"}],"curies":[{"name":"wp","href":"https:\/\/api.w.org\/{rel}","templated":true}]}}