{"id":5250,"date":"2025-08-15T16:13:16","date_gmt":"2025-08-16T02:13:16","guid":{"rendered":"https:\/\/www.tahitiplaisirs.com\/?post_type=product&#038;p=5250"},"modified":"2026-04-02T16:00:07","modified_gmt":"2026-04-03T02:00:07","slug":"masturbateur-fuck-my-pussy","status":"publish","type":"product","link":"https:\/\/www.tahitiplaisirs.com\/en\/product\/masturbateur-fuck-my-pussy\/","title":{"rendered":"Masturbateur Fuck My Pussy"},"content":{"rendered":"","protected":false},"excerpt":{"rendered":"<p>Masturbateur Fuck My Pussy de Shake<\/p>\n<p>Masturbateur vagin de 13cm<\/p>\n<p>Masturbateur vagin en mati\u00e8re<em>\u00a0RST\u00a9 (Real Skin Touch)<\/em>, m\u00e9lange de TPE et de silicone, parfait pour une utilisation en solo ou en couple et sa taille permet de l&#8217;emporter partout avec vous !<\/p>\n<p>Appliquez un lubrifiant \u00e0 base d&rsquo;eau avant utilisation.<\/p>\n<p>Apr\u00e8s utilisation, placez sous l&rsquo;eau et nettoyez avec du savon \u00e0 pH neutre.<\/p>\n<p>Laissez s\u00e9cher et il sera \u00eatre \u00e0 nouveau pr\u00eat \u00e0 \u00eatre utilis\u00e9.<\/p>\n<p>&nbsp;<\/p>","protected":false},"featured_media":10914,"template":"","meta":[],"product_brand":[],"product_cat":[78,51,47],"product_tag":[],"class_list":{"0":"post-5250","1":"product","2":"type-product","3":"status-publish","4":"has-post-thumbnail","6":"product_cat-masturbateurs","7":"product_cat-pour-lui","8":"product_cat-sextoys","11":"instock","12":"taxable","13":"shipping-taxable","14":"purchasable","15":"product-type-simple","16":"product-grid-view"},"_links":{"self":[{"href":"https:\/\/www.tahitiplaisirs.com\/en\/wp-json\/wp\/v2\/product\/5250","targetHints":{"allow":["GET"]}}],"collection":[{"href":"https:\/\/www.tahitiplaisirs.com\/en\/wp-json\/wp\/v2\/product"}],"about":[{"href":"https:\/\/www.tahitiplaisirs.com\/en\/wp-json\/wp\/v2\/types\/product"}],"version-history":[{"count":3,"href":"https:\/\/www.tahitiplaisirs.com\/en\/wp-json\/wp\/v2\/product\/5250\/revisions"}],"predecessor-version":[{"id":10921,"href":"https:\/\/www.tahitiplaisirs.com\/en\/wp-json\/wp\/v2\/product\/5250\/revisions\/10921"}],"wp:featuredmedia":[{"embeddable":true,"href":"https:\/\/www.tahitiplaisirs.com\/en\/wp-json\/wp\/v2\/media\/10914"}],"wp:attachment":[{"href":"https:\/\/www.tahitiplaisirs.com\/en\/wp-json\/wp\/v2\/media?parent=5250"}],"wp:term":[{"taxonomy":"product_brand","embeddable":true,"href":"https:\/\/www.tahitiplaisirs.com\/en\/wp-json\/wp\/v2\/product_brand?post=5250"},{"taxonomy":"product_cat","embeddable":true,"href":"https:\/\/www.tahitiplaisirs.com\/en\/wp-json\/wp\/v2\/product_cat?post=5250"},{"taxonomy":"product_tag","embeddable":true,"href":"https:\/\/www.tahitiplaisirs.com\/en\/wp-json\/wp\/v2\/product_tag?post=5250"}],"curies":[{"name":"wp","href":"https:\/\/api.w.org\/{rel}","templated":true}]}}