{"id":5254,"date":"2026-02-05T09:00:16","date_gmt":"2026-02-05T19:00:16","guid":{"rendered":"https:\/\/www.tahitiplaisirs.com\/?post_type=product&#038;p=5254"},"modified":"2026-02-12T15:07:49","modified_gmt":"2026-02-13T01:07:49","slug":"plug-bijou-vaiani","status":"publish","type":"product","link":"https:\/\/www.tahitiplaisirs.com\/en\/product\/plug-bijou-vaiani\/","title":{"rendered":"Plug bijou Vaiani"},"content":{"rendered":"","protected":false},"excerpt":{"rendered":"<p>Plug bijou Vaiani<\/p>\n<p>Vaiani est un plug bijou en acier inox de grade m\u00e9dical mesurant 8 cm et pesant 269 grammes.<\/p>\n<p>Ce magnifique bijou cach\u00e9 est surmont\u00e9 d&rsquo;une nacre ronde grav\u00e9e avec en son centre, une pi\u00e8ce ronde en bois<\/p>\n<p>Cette pi\u00e8ce unique est ajust\u00e9e et polie \u00e0 la main, pour encore plus de plaisir.<\/p>","protected":false},"featured_media":10884,"template":"","meta":[],"product_brand":[],"product_cat":[62,47],"product_tag":[],"class_list":{"0":"post-5254","1":"product","2":"type-product","3":"status-publish","4":"has-post-thumbnail","6":"product_cat-plaisir-anal","7":"product_cat-sextoys","10":"instock","11":"taxable","12":"shipping-taxable","13":"purchasable","14":"product-type-simple","15":"product-grid-view"},"_links":{"self":[{"href":"https:\/\/www.tahitiplaisirs.com\/en\/wp-json\/wp\/v2\/product\/5254","targetHints":{"allow":["GET"]}}],"collection":[{"href":"https:\/\/www.tahitiplaisirs.com\/en\/wp-json\/wp\/v2\/product"}],"about":[{"href":"https:\/\/www.tahitiplaisirs.com\/en\/wp-json\/wp\/v2\/types\/product"}],"version-history":[{"count":4,"href":"https:\/\/www.tahitiplaisirs.com\/en\/wp-json\/wp\/v2\/product\/5254\/revisions"}],"predecessor-version":[{"id":10907,"href":"https:\/\/www.tahitiplaisirs.com\/en\/wp-json\/wp\/v2\/product\/5254\/revisions\/10907"}],"wp:featuredmedia":[{"embeddable":true,"href":"https:\/\/www.tahitiplaisirs.com\/en\/wp-json\/wp\/v2\/media\/10884"}],"wp:attachment":[{"href":"https:\/\/www.tahitiplaisirs.com\/en\/wp-json\/wp\/v2\/media?parent=5254"}],"wp:term":[{"taxonomy":"product_brand","embeddable":true,"href":"https:\/\/www.tahitiplaisirs.com\/en\/wp-json\/wp\/v2\/product_brand?post=5254"},{"taxonomy":"product_cat","embeddable":true,"href":"https:\/\/www.tahitiplaisirs.com\/en\/wp-json\/wp\/v2\/product_cat?post=5254"},{"taxonomy":"product_tag","embeddable":true,"href":"https:\/\/www.tahitiplaisirs.com\/en\/wp-json\/wp\/v2\/product_tag?post=5254"}],"curies":[{"name":"wp","href":"https:\/\/api.w.org\/{rel}","templated":true}]}}