{"id":5286,"date":"2026-02-05T10:15:19","date_gmt":"2026-02-05T20:15:19","guid":{"rendered":"https:\/\/www.tahitiplaisirs.com\/?post_type=product&#038;p=5286"},"modified":"2026-02-12T15:01:09","modified_gmt":"2026-02-13T01:01:09","slug":"plug-bijou-heretu","status":"publish","type":"product","link":"https:\/\/www.tahitiplaisirs.com\/en\/product\/plug-bijou-heretu\/","title":{"rendered":"Plug bijou Heretu"},"content":{"rendered":"","protected":false},"excerpt":{"rendered":"<p>Plug bijou Heretu<\/p>\n<p>Heretu est un plug bijou en acier inox de grade m\u00e9dical mesurant 7,5 cm et pesant 210 grammes.<\/p>\n<p>Ce magnifique bijou cach\u00e9 est surmont\u00e9 d&rsquo;une pi\u00e8ce ronde en pierre verte de Ua Pou des \u00eeles Marquises<\/p>\n<p>Cette pi\u00e8ce unique est ajust\u00e9e et polie \u00e0 la main, pour encore plus de plaisir.<\/p>","protected":false},"featured_media":10880,"template":"","meta":[],"product_brand":[],"product_cat":[62,47],"product_tag":[],"class_list":{"0":"post-5286","1":"product","2":"type-product","3":"status-publish","4":"has-post-thumbnail","6":"product_cat-plaisir-anal","7":"product_cat-sextoys","10":"instock","11":"taxable","12":"shipping-taxable","13":"purchasable","14":"product-type-simple","15":"product-grid-view"},"_links":{"self":[{"href":"https:\/\/www.tahitiplaisirs.com\/en\/wp-json\/wp\/v2\/product\/5286","targetHints":{"allow":["GET"]}}],"collection":[{"href":"https:\/\/www.tahitiplaisirs.com\/en\/wp-json\/wp\/v2\/product"}],"about":[{"href":"https:\/\/www.tahitiplaisirs.com\/en\/wp-json\/wp\/v2\/types\/product"}],"version-history":[{"count":3,"href":"https:\/\/www.tahitiplaisirs.com\/en\/wp-json\/wp\/v2\/product\/5286\/revisions"}],"predecessor-version":[{"id":10905,"href":"https:\/\/www.tahitiplaisirs.com\/en\/wp-json\/wp\/v2\/product\/5286\/revisions\/10905"}],"wp:featuredmedia":[{"embeddable":true,"href":"https:\/\/www.tahitiplaisirs.com\/en\/wp-json\/wp\/v2\/media\/10880"}],"wp:attachment":[{"href":"https:\/\/www.tahitiplaisirs.com\/en\/wp-json\/wp\/v2\/media?parent=5286"}],"wp:term":[{"taxonomy":"product_brand","embeddable":true,"href":"https:\/\/www.tahitiplaisirs.com\/en\/wp-json\/wp\/v2\/product_brand?post=5286"},{"taxonomy":"product_cat","embeddable":true,"href":"https:\/\/www.tahitiplaisirs.com\/en\/wp-json\/wp\/v2\/product_cat?post=5286"},{"taxonomy":"product_tag","embeddable":true,"href":"https:\/\/www.tahitiplaisirs.com\/en\/wp-json\/wp\/v2\/product_tag?post=5286"}],"curies":[{"name":"wp","href":"https:\/\/api.w.org\/{rel}","templated":true}]}}