{"id":5292,"date":"2025-08-15T16:13:19","date_gmt":"2025-08-16T02:13:19","guid":{"rendered":"https:\/\/www.tahitiplaisirs.com\/?post_type=product&#038;p=5292"},"modified":"2026-03-21T14:07:14","modified_gmt":"2026-03-22T00:07:14","slug":"doigt-vibrant-abbott-violet","status":"publish","type":"product","link":"https:\/\/www.tahitiplaisirs.com\/en\/product\/doigt-vibrant-abbott-violet\/","title":{"rendered":"Doigt vibrant Abbott violet"},"content":{"rendered":"","protected":false},"excerpt":{"rendered":"<p>Doigt vibrant Abbott violet de Baile &#8211; Pretty Love<\/p>\n<p>Ce sextoy est une gaine \u00e0 doigts, simple d&rsquo;utilisation, il suffira d&rsquo;y glisser deux doigts puis d&rsquo;actionner les vibrations.<\/p>\n<p>Sur le clitoris ou en p\u00e9n\u00e9tration, ce sextoy en silicone est parfait pour pimenter vos pr\u00e9liminaires.<\/p>","protected":false},"featured_media":7707,"template":"","meta":[],"product_brand":[93],"product_cat":[47,48,64],"product_tag":[],"class_list":{"0":"post-5292","1":"product","2":"type-product","3":"status-publish","4":"has-post-thumbnail","6":"product_brand-baile-pretty-love","7":"product_cat-sextoys","8":"product_cat-stimulateurs-clitoridiens","9":"product_cat-vibromasseurs","12":"instock","13":"taxable","14":"shipping-taxable","15":"purchasable","16":"product-type-simple","17":"product-grid-view"},"_links":{"self":[{"href":"https:\/\/www.tahitiplaisirs.com\/en\/wp-json\/wp\/v2\/product\/5292","targetHints":{"allow":["GET"]}}],"collection":[{"href":"https:\/\/www.tahitiplaisirs.com\/en\/wp-json\/wp\/v2\/product"}],"about":[{"href":"https:\/\/www.tahitiplaisirs.com\/en\/wp-json\/wp\/v2\/types\/product"}],"version-history":[{"count":1,"href":"https:\/\/www.tahitiplaisirs.com\/en\/wp-json\/wp\/v2\/product\/5292\/revisions"}],"predecessor-version":[{"id":5322,"href":"https:\/\/www.tahitiplaisirs.com\/en\/wp-json\/wp\/v2\/product\/5292\/revisions\/5322"}],"wp:featuredmedia":[{"embeddable":true,"href":"https:\/\/www.tahitiplaisirs.com\/en\/wp-json\/wp\/v2\/media\/7707"}],"wp:attachment":[{"href":"https:\/\/www.tahitiplaisirs.com\/en\/wp-json\/wp\/v2\/media?parent=5292"}],"wp:term":[{"taxonomy":"product_brand","embeddable":true,"href":"https:\/\/www.tahitiplaisirs.com\/en\/wp-json\/wp\/v2\/product_brand?post=5292"},{"taxonomy":"product_cat","embeddable":true,"href":"https:\/\/www.tahitiplaisirs.com\/en\/wp-json\/wp\/v2\/product_cat?post=5292"},{"taxonomy":"product_tag","embeddable":true,"href":"https:\/\/www.tahitiplaisirs.com\/en\/wp-json\/wp\/v2\/product_tag?post=5292"}],"curies":[{"name":"wp","href":"https:\/\/api.w.org\/{rel}","templated":true}]}}