{"id":5304,"date":"2025-08-15T16:13:20","date_gmt":"2025-08-16T02:13:20","guid":{"rendered":"https:\/\/www.tahitiplaisirs.com\/?post_type=product&#038;p=5304"},"modified":"2025-12-26T13:30:03","modified_gmt":"2025-12-26T23:30:03","slug":"vibromasseur-get-real-chair-21cm","status":"publish","type":"product","link":"https:\/\/www.tahitiplaisirs.com\/en\/product\/vibromasseur-get-real-chair-21cm\/","title":{"rendered":"Vibromasseur Get Real chair 21cm"},"content":{"rendered":"","protected":false},"excerpt":{"rendered":"<p>Vibromasseur Get Real chair 21cm<\/p>\n<p>Marque : Get Real by Toyjoy<\/p>\n<p>Ce vibromasseur est compos\u00e9 d&rsquo;une forme droite, d&rsquo;un gland sans pr\u00e9puce et d&rsquo;une surface vein\u00e9e.<\/p>\n<p>Il mesure 21cm de longueur pour un diam\u00e8tre de 4,7cm.<\/p>\n<p>La vitesse des vibrations est ajustable.<\/p>\n<p>R\u00e9alis\u00e9 en mati\u00e8re Double densit\u00e9 : \u00e0 la fois souple et ferme (mati\u00e8re TPE\u00b0.<\/p>\n<p>Le fonctionnement n\u00e9cessite 2 piles AA (non fournies).<\/p>","protected":false},"featured_media":9636,"template":"","meta":[],"product_brand":[118],"product_cat":[47,64],"product_tag":[],"class_list":{"0":"post-5304","1":"product","2":"type-product","3":"status-publish","4":"has-post-thumbnail","6":"product_brand-get-real","7":"product_cat-sextoys","8":"product_cat-vibromasseurs","11":"instock","12":"taxable","13":"shipping-taxable","14":"purchasable","15":"product-type-simple","16":"product-grid-view"},"_links":{"self":[{"href":"https:\/\/www.tahitiplaisirs.com\/en\/wp-json\/wp\/v2\/product\/5304","targetHints":{"allow":["GET"]}}],"collection":[{"href":"https:\/\/www.tahitiplaisirs.com\/en\/wp-json\/wp\/v2\/product"}],"about":[{"href":"https:\/\/www.tahitiplaisirs.com\/en\/wp-json\/wp\/v2\/types\/product"}],"version-history":[{"count":3,"href":"https:\/\/www.tahitiplaisirs.com\/en\/wp-json\/wp\/v2\/product\/5304\/revisions"}],"predecessor-version":[{"id":9641,"href":"https:\/\/www.tahitiplaisirs.com\/en\/wp-json\/wp\/v2\/product\/5304\/revisions\/9641"}],"wp:featuredmedia":[{"embeddable":true,"href":"https:\/\/www.tahitiplaisirs.com\/en\/wp-json\/wp\/v2\/media\/9636"}],"wp:attachment":[{"href":"https:\/\/www.tahitiplaisirs.com\/en\/wp-json\/wp\/v2\/media?parent=5304"}],"wp:term":[{"taxonomy":"product_brand","embeddable":true,"href":"https:\/\/www.tahitiplaisirs.com\/en\/wp-json\/wp\/v2\/product_brand?post=5304"},{"taxonomy":"product_cat","embeddable":true,"href":"https:\/\/www.tahitiplaisirs.com\/en\/wp-json\/wp\/v2\/product_cat?post=5304"},{"taxonomy":"product_tag","embeddable":true,"href":"https:\/\/www.tahitiplaisirs.com\/en\/wp-json\/wp\/v2\/product_tag?post=5304"}],"curies":[{"name":"wp","href":"https:\/\/api.w.org\/{rel}","templated":true}]}}