{"id":5305,"date":"2025-08-15T16:13:20","date_gmt":"2025-08-16T02:13:20","guid":{"rendered":"https:\/\/www.tahitiplaisirs.com\/?post_type=product&#038;p=5305"},"modified":"2026-03-21T14:07:18","modified_gmt":"2026-03-22T00:07:18","slug":"stimulateur-connecte-august","status":"publish","type":"product","link":"https:\/\/www.tahitiplaisirs.com\/en\/product\/stimulateur-connecte-august\/","title":{"rendered":"Stimulateur August"},"content":{"rendered":"","protected":false},"excerpt":{"rendered":"<p>Stimulateur connect\u00e9 August de Baile &#8211; Pretty Love<\/p>\n<p>August est un stimulateur connect\u00e9 pour couple.<\/p>\n<p>Il favorise l&rsquo;orgasme f\u00e9minin en stimulant \u00e0 la fois le point G et le clitoris, et excitera la verge par de puissantes vibrations.<\/p>\n<p>Ce jouet souple et flexible s&rsquo;adapte facilement aux courbes du corps et dispose d&rsquo;une forme parfaitement \u00e9tudi\u00e9e afin d&rsquo;offrir encore plus de stimulation.<\/p>\n<p>Il peut \u00e9galement s&rsquo;utiliser en solitaire pour des moments de plaisirs intenses.<\/p>\n<p>Compatible avec Android et IOS, il dispose de la technologie Bluetooth pour le contr\u00f4ler via votre smartphone en t\u00e9l\u00e9chargeant l&rsquo;application gratuite.<\/p>\n<p>Le plus gros embout s&rsquo;ins\u00e8re dans le vagin en exer\u00e7ant de d\u00e9licieuses pressions sur le point G et la verge, alors que l&rsquo;autre reste \u00e0 l&rsquo;ext\u00e9rieur pour titiller le clitoris.<\/p>\n<p>Pour une exp\u00e9rience optimale, nous vous recommandons l&rsquo;utilisation d&rsquo;un lubrifiant \u00e0 base d&rsquo;eau.<\/p>\n<p>August est r\u00e9sistant \u00e0 l&rsquo;eau et rechargeable via son c\u00e2ble USB fourni.<\/p>\n<p>Il dispose d&rsquo;une autonomie d&rsquo;utilisation de 2 heures.<\/p>","protected":false},"featured_media":6922,"template":"","meta":[],"product_brand":[93],"product_cat":[79,47,48],"product_tag":[],"class_list":{"0":"post-5305","1":"product","2":"type-product","3":"status-publish","4":"has-post-thumbnail","6":"product_brand-baile-pretty-love","7":"product_cat-les-connectes","8":"product_cat-sextoys","9":"product_cat-stimulateurs-clitoridiens","12":"instock","13":"taxable","14":"shipping-taxable","15":"purchasable","16":"product-type-simple","17":"product-grid-view"},"_links":{"self":[{"href":"https:\/\/www.tahitiplaisirs.com\/en\/wp-json\/wp\/v2\/product\/5305","targetHints":{"allow":["GET"]}}],"collection":[{"href":"https:\/\/www.tahitiplaisirs.com\/en\/wp-json\/wp\/v2\/product"}],"about":[{"href":"https:\/\/www.tahitiplaisirs.com\/en\/wp-json\/wp\/v2\/types\/product"}],"version-history":[{"count":2,"href":"https:\/\/www.tahitiplaisirs.com\/en\/wp-json\/wp\/v2\/product\/5305\/revisions"}],"predecessor-version":[{"id":6924,"href":"https:\/\/www.tahitiplaisirs.com\/en\/wp-json\/wp\/v2\/product\/5305\/revisions\/6924"}],"wp:featuredmedia":[{"embeddable":true,"href":"https:\/\/www.tahitiplaisirs.com\/en\/wp-json\/wp\/v2\/media\/6922"}],"wp:attachment":[{"href":"https:\/\/www.tahitiplaisirs.com\/en\/wp-json\/wp\/v2\/media?parent=5305"}],"wp:term":[{"taxonomy":"product_brand","embeddable":true,"href":"https:\/\/www.tahitiplaisirs.com\/en\/wp-json\/wp\/v2\/product_brand?post=5305"},{"taxonomy":"product_cat","embeddable":true,"href":"https:\/\/www.tahitiplaisirs.com\/en\/wp-json\/wp\/v2\/product_cat?post=5305"},{"taxonomy":"product_tag","embeddable":true,"href":"https:\/\/www.tahitiplaisirs.com\/en\/wp-json\/wp\/v2\/product_tag?post=5305"}],"curies":[{"name":"wp","href":"https:\/\/api.w.org\/{rel}","templated":true}]}}