{"id":5306,"date":"2025-08-15T16:13:20","date_gmt":"2025-08-16T02:13:20","guid":{"rendered":"https:\/\/www.tahitiplaisirs.com\/?post_type=product&#038;p=5306"},"modified":"2025-08-15T16:13:22","modified_gmt":"2025-08-16T02:13:22","slug":"gode-king-cock-9-chocolat-22cm","status":"publish","type":"product","link":"https:\/\/www.tahitiplaisirs.com\/en\/product\/gode-king-cock-9-chocolat-22cm\/","title":{"rendered":"Gode King Cock 9&Prime; chocolat &#8211; 22cm"},"content":{"rendered":"","protected":false},"excerpt":{"rendered":"<p>Godemichet 9&Prime; &#8211; 22cm couleur chocolat<\/p>\n<p>Marque : King Cock &#8211; Pipedream<\/p>\n<p>Godemichet de couleur marron mesurant 22cm de long pour un diam\u00e8tre au plus large de 5,3cm.<\/p>\n<p>Il a un corps vein\u00e9 ultra r\u00e9aliste et est pourvu d&rsquo;une puissante ventouse \u00e0 sa base.<\/p>\n<p>Sa texture rappellera l&rsquo;\u00e9lasticit\u00e9, la souplesse et la duret\u00e9 d&rsquo;un v\u00e9ritable sexe masculin.<\/p>\n<p>Il est fabriqu\u00e9 dans un PVC sans phtalates, sans latex et hypoallerg\u00e9nique.<\/p>","protected":false},"featured_media":0,"template":"","meta":[],"product_brand":[94],"product_cat":[53,47],"product_tag":[],"class_list":{"0":"post-5306","1":"product","2":"type-product","3":"status-publish","5":"product_brand-king-cock","6":"product_cat-godemichets","7":"product_cat-sextoys","10":"outofstock","11":"taxable","12":"shipping-taxable","13":"purchasable","14":"product-type-simple","15":"product-grid-view"},"_links":{"self":[{"href":"https:\/\/www.tahitiplaisirs.com\/en\/wp-json\/wp\/v2\/product\/5306","targetHints":{"allow":["GET"]}}],"collection":[{"href":"https:\/\/www.tahitiplaisirs.com\/en\/wp-json\/wp\/v2\/product"}],"about":[{"href":"https:\/\/www.tahitiplaisirs.com\/en\/wp-json\/wp\/v2\/types\/product"}],"version-history":[{"count":1,"href":"https:\/\/www.tahitiplaisirs.com\/en\/wp-json\/wp\/v2\/product\/5306\/revisions"}],"predecessor-version":[{"id":5336,"href":"https:\/\/www.tahitiplaisirs.com\/en\/wp-json\/wp\/v2\/product\/5306\/revisions\/5336"}],"wp:attachment":[{"href":"https:\/\/www.tahitiplaisirs.com\/en\/wp-json\/wp\/v2\/media?parent=5306"}],"wp:term":[{"taxonomy":"product_brand","embeddable":true,"href":"https:\/\/www.tahitiplaisirs.com\/en\/wp-json\/wp\/v2\/product_brand?post=5306"},{"taxonomy":"product_cat","embeddable":true,"href":"https:\/\/www.tahitiplaisirs.com\/en\/wp-json\/wp\/v2\/product_cat?post=5306"},{"taxonomy":"product_tag","embeddable":true,"href":"https:\/\/www.tahitiplaisirs.com\/en\/wp-json\/wp\/v2\/product_tag?post=5306"}],"curies":[{"name":"wp","href":"https:\/\/api.w.org\/{rel}","templated":true}]}}