{"id":5308,"date":"2025-08-15T16:13:20","date_gmt":"2025-08-16T02:13:20","guid":{"rendered":"https:\/\/www.tahitiplaisirs.com\/?post_type=product&#038;p=5308"},"modified":"2026-02-17T14:13:10","modified_gmt":"2026-02-18T00:13:10","slug":"stimulateur-endless-fun","status":"publish","type":"product","link":"https:\/\/www.tahitiplaisirs.com\/en\/product\/stimulateur-endless-fun\/","title":{"rendered":"Stimulateur Endless fun"},"content":{"rendered":"","protected":false},"excerpt":{"rendered":"<p>Stimulateur Endless fun bleu de Satisfyer<\/p>\n<p>Ce stimulateur est un sextoy multi vibrateur !<\/p>\n<p>Il est dot\u00e9 de 3 moteurs puissants : un \u00e0 l\u2019extr\u00e9mit\u00e9 inf\u00e9rieure de la tige volumineuse et ins\u00e9rable et un sur chaque bras mobile du jouet.<\/p>\n<p>La t\u00eate mobile peut pivoter \u00e0 180 degr\u00e9s, ce qui permet une utilisation multiple et dans toutes les positions.<\/p>\n<p>Lors d&rsquo;un jeu en solo, il stimulera le clitoris, les mamelons ou les l\u00e8vres, mais procurera \u00e9galement des vibrations \u00e0 la racine du p\u00e9nis ou du gland.<\/p>\n<p>Les 10 programmes de vibrations aux deux extr\u00e9mit\u00e9s peuvent \u00eatre contr\u00f4l\u00e9s s\u00e9par\u00e9ment, pour un nombre impressionnant de 100 combinaisons de vibrations.<\/p>\n<p>Il est 100% waterproof et se recharge via son c\u00e2ble USB fourni.<\/p>","protected":false},"featured_media":10750,"template":"","meta":[],"product_brand":[103],"product_cat":[78,47,48,64],"product_tag":[],"class_list":{"0":"post-5308","1":"product","2":"type-product","3":"status-publish","4":"has-post-thumbnail","6":"product_brand-satisfyer","7":"product_cat-masturbateurs","8":"product_cat-sextoys","9":"product_cat-stimulateurs-clitoridiens","10":"product_cat-vibromasseurs","13":"instock","14":"taxable","15":"shipping-taxable","16":"purchasable","17":"product-type-simple","18":"product-grid-view"},"_links":{"self":[{"href":"https:\/\/www.tahitiplaisirs.com\/en\/wp-json\/wp\/v2\/product\/5308","targetHints":{"allow":["GET"]}}],"collection":[{"href":"https:\/\/www.tahitiplaisirs.com\/en\/wp-json\/wp\/v2\/product"}],"about":[{"href":"https:\/\/www.tahitiplaisirs.com\/en\/wp-json\/wp\/v2\/types\/product"}],"version-history":[{"count":3,"href":"https:\/\/www.tahitiplaisirs.com\/en\/wp-json\/wp\/v2\/product\/5308\/revisions"}],"predecessor-version":[{"id":10752,"href":"https:\/\/www.tahitiplaisirs.com\/en\/wp-json\/wp\/v2\/product\/5308\/revisions\/10752"}],"wp:featuredmedia":[{"embeddable":true,"href":"https:\/\/www.tahitiplaisirs.com\/en\/wp-json\/wp\/v2\/media\/10750"}],"wp:attachment":[{"href":"https:\/\/www.tahitiplaisirs.com\/en\/wp-json\/wp\/v2\/media?parent=5308"}],"wp:term":[{"taxonomy":"product_brand","embeddable":true,"href":"https:\/\/www.tahitiplaisirs.com\/en\/wp-json\/wp\/v2\/product_brand?post=5308"},{"taxonomy":"product_cat","embeddable":true,"href":"https:\/\/www.tahitiplaisirs.com\/en\/wp-json\/wp\/v2\/product_cat?post=5308"},{"taxonomy":"product_tag","embeddable":true,"href":"https:\/\/www.tahitiplaisirs.com\/en\/wp-json\/wp\/v2\/product_tag?post=5308"}],"curies":[{"name":"wp","href":"https:\/\/api.w.org\/{rel}","templated":true}]}}