{"id":5314,"date":"2025-08-15T16:13:20","date_gmt":"2025-08-16T02:13:20","guid":{"rendered":"https:\/\/www.tahitiplaisirs.com\/?post_type=product&#038;p=5314"},"modified":"2026-03-27T11:01:10","modified_gmt":"2026-03-27T21:01:10","slug":"oeuf-connecte-fisherman-lilas","status":"publish","type":"product","link":"https:\/\/www.tahitiplaisirs.com\/en\/product\/oeuf-connecte-fisherman-lilas\/","title":{"rendered":"\u0152uf connect\u00e9 Fisherman lilas"},"content":{"rendered":"","protected":false},"excerpt":{"rendered":"<p>\u0152uf connect\u00e9 Fisherman lilas de Baile &#8211; Pretty Love<\/p>\n<p>L&rsquo;\u0153uf Fisherman est r<span class=\"a-list-item\">ecouvert de doux silicone couleur lilas, une mati\u00e8re souple, douce et hygi\u00e9nique.<\/span><\/p>\n<p><span class=\"a-list-item\">Il propose 12 modes de vibration et <\/span><span class=\"a-list-item\">est pourvu d&rsquo;u<\/span><span class=\"a-list-item\">n bouton sur le c\u00f4t\u00e9 permettant de d\u00e9clencher les vibrations sans utiliser de smartphone.<\/span><\/p>\n<p><span class=\"a-list-item\">Il se rechargeable via son c\u00e2ble USB.<\/span><\/p>","protected":false},"featured_media":11149,"template":"","meta":[],"product_brand":[93],"product_cat":[79,75,47],"product_tag":[],"class_list":{"0":"post-5314","1":"product","2":"type-product","3":"status-publish","4":"has-post-thumbnail","6":"product_brand-baile-pretty-love","7":"product_cat-les-connectes","8":"product_cat-oeufs-boules-de-geisha","9":"product_cat-sextoys","12":"instock","13":"taxable","14":"shipping-taxable","15":"purchasable","16":"product-type-simple","17":"product-grid-view"},"_links":{"self":[{"href":"https:\/\/www.tahitiplaisirs.com\/en\/wp-json\/wp\/v2\/product\/5314","targetHints":{"allow":["GET"]}}],"collection":[{"href":"https:\/\/www.tahitiplaisirs.com\/en\/wp-json\/wp\/v2\/product"}],"about":[{"href":"https:\/\/www.tahitiplaisirs.com\/en\/wp-json\/wp\/v2\/types\/product"}],"version-history":[{"count":2,"href":"https:\/\/www.tahitiplaisirs.com\/en\/wp-json\/wp\/v2\/product\/5314\/revisions"}],"predecessor-version":[{"id":11151,"href":"https:\/\/www.tahitiplaisirs.com\/en\/wp-json\/wp\/v2\/product\/5314\/revisions\/11151"}],"wp:featuredmedia":[{"embeddable":true,"href":"https:\/\/www.tahitiplaisirs.com\/en\/wp-json\/wp\/v2\/media\/11149"}],"wp:attachment":[{"href":"https:\/\/www.tahitiplaisirs.com\/en\/wp-json\/wp\/v2\/media?parent=5314"}],"wp:term":[{"taxonomy":"product_brand","embeddable":true,"href":"https:\/\/www.tahitiplaisirs.com\/en\/wp-json\/wp\/v2\/product_brand?post=5314"},{"taxonomy":"product_cat","embeddable":true,"href":"https:\/\/www.tahitiplaisirs.com\/en\/wp-json\/wp\/v2\/product_cat?post=5314"},{"taxonomy":"product_tag","embeddable":true,"href":"https:\/\/www.tahitiplaisirs.com\/en\/wp-json\/wp\/v2\/product_tag?post=5314"}],"curies":[{"name":"wp","href":"https:\/\/api.w.org\/{rel}","templated":true}]}}