{"id":5348,"date":"2025-08-15T16:13:24","date_gmt":"2025-08-16T02:13:24","guid":{"rendered":"https:\/\/www.tahitiplaisirs.com\/?post_type=product&#038;p=5348"},"modified":"2026-03-21T14:07:06","modified_gmt":"2026-03-22T00:07:06","slug":"masturbateur-satisfyer-men-wand","status":"publish","type":"product","link":"https:\/\/www.tahitiplaisirs.com\/en\/product\/masturbateur-satisfyer-men-wand\/","title":{"rendered":"Masturbateur Men Wand"},"content":{"rendered":"","protected":false},"excerpt":{"rendered":"<p>Masturbateur Men Wand de Satisfyer<\/p>\n<p>Le Men Wand est un masturbateur pour homme fabriqu\u00e9 en silicone m\u00e9dical.<\/p>\n<p>Il propose 35 programmes de vibrations, un toucher particuli\u00e8rement d\u00e9licat et une prise en main ergonomique.<\/p>\n<p>Les deux ailes souples du vibromasseur Wand sont tr\u00e8s flexibles et ductiles, elles entourent donc le p\u00e9nis fermement et en toute s\u00e9curit\u00e9.<\/p>\n<p>Il mesure 20cm, waterproof et se recharge via son c\u00e2ble USB.<\/p>\n<p>&nbsp;<\/p>","protected":false},"featured_media":7176,"template":"","meta":[],"product_brand":[103],"product_cat":[78,51,47],"product_tag":[],"class_list":{"0":"post-5348","1":"product","2":"type-product","3":"status-publish","4":"has-post-thumbnail","6":"product_brand-satisfyer","7":"product_cat-masturbateurs","8":"product_cat-pour-lui","9":"product_cat-sextoys","12":"instock","13":"taxable","14":"shipping-taxable","15":"purchasable","16":"product-type-simple","17":"product-grid-view"},"_links":{"self":[{"href":"https:\/\/www.tahitiplaisirs.com\/en\/wp-json\/wp\/v2\/product\/5348","targetHints":{"allow":["GET"]}}],"collection":[{"href":"https:\/\/www.tahitiplaisirs.com\/en\/wp-json\/wp\/v2\/product"}],"about":[{"href":"https:\/\/www.tahitiplaisirs.com\/en\/wp-json\/wp\/v2\/types\/product"}],"version-history":[{"count":3,"href":"https:\/\/www.tahitiplaisirs.com\/en\/wp-json\/wp\/v2\/product\/5348\/revisions"}],"predecessor-version":[{"id":10091,"href":"https:\/\/www.tahitiplaisirs.com\/en\/wp-json\/wp\/v2\/product\/5348\/revisions\/10091"}],"wp:featuredmedia":[{"embeddable":true,"href":"https:\/\/www.tahitiplaisirs.com\/en\/wp-json\/wp\/v2\/media\/7176"}],"wp:attachment":[{"href":"https:\/\/www.tahitiplaisirs.com\/en\/wp-json\/wp\/v2\/media?parent=5348"}],"wp:term":[{"taxonomy":"product_brand","embeddable":true,"href":"https:\/\/www.tahitiplaisirs.com\/en\/wp-json\/wp\/v2\/product_brand?post=5348"},{"taxonomy":"product_cat","embeddable":true,"href":"https:\/\/www.tahitiplaisirs.com\/en\/wp-json\/wp\/v2\/product_cat?post=5348"},{"taxonomy":"product_tag","embeddable":true,"href":"https:\/\/www.tahitiplaisirs.com\/en\/wp-json\/wp\/v2\/product_tag?post=5348"}],"curies":[{"name":"wp","href":"https:\/\/api.w.org\/{rel}","templated":true}]}}