{"id":5354,"date":"2025-08-15T16:13:24","date_gmt":"2025-08-16T02:13:24","guid":{"rendered":"https:\/\/www.tahitiplaisirs.com\/?post_type=product&#038;p=5354"},"modified":"2026-04-10T10:33:10","modified_gmt":"2026-04-10T20:33:10","slug":"pailles-penis-phosphorescentes","status":"publish","type":"product","link":"https:\/\/www.tahitiplaisirs.com\/en\/product\/pailles-penis-phosphorescentes\/","title":{"rendered":"Pailles p\u00e9nis phosphorescentes"},"content":{"rendered":"","protected":false},"excerpt":{"rendered":"<p>Pailles p\u00e9nis phosphorescentes de\u00a0Naughty Straws<\/p>\n<p>Lot de pailles en plastique avec une forme de p\u00e9nis \u00e0 l&rsquo;extr\u00e9mit\u00e9.<\/p>\n<p>Elles font 19 cm de longueur.<\/p>","protected":false},"featured_media":7724,"template":"","meta":[],"product_brand":[],"product_cat":[57],"product_tag":[],"class_list":{"0":"post-5354","1":"product","2":"type-product","3":"status-publish","4":"has-post-thumbnail","6":"product_cat-accessoires","9":"instock","10":"taxable","11":"shipping-taxable","12":"purchasable","13":"product-type-simple","14":"product-grid-view"},"_links":{"self":[{"href":"https:\/\/www.tahitiplaisirs.com\/en\/wp-json\/wp\/v2\/product\/5354","targetHints":{"allow":["GET"]}}],"collection":[{"href":"https:\/\/www.tahitiplaisirs.com\/en\/wp-json\/wp\/v2\/product"}],"about":[{"href":"https:\/\/www.tahitiplaisirs.com\/en\/wp-json\/wp\/v2\/types\/product"}],"version-history":[{"count":3,"href":"https:\/\/www.tahitiplaisirs.com\/en\/wp-json\/wp\/v2\/product\/5354\/revisions"}],"predecessor-version":[{"id":9507,"href":"https:\/\/www.tahitiplaisirs.com\/en\/wp-json\/wp\/v2\/product\/5354\/revisions\/9507"}],"wp:featuredmedia":[{"embeddable":true,"href":"https:\/\/www.tahitiplaisirs.com\/en\/wp-json\/wp\/v2\/media\/7724"}],"wp:attachment":[{"href":"https:\/\/www.tahitiplaisirs.com\/en\/wp-json\/wp\/v2\/media?parent=5354"}],"wp:term":[{"taxonomy":"product_brand","embeddable":true,"href":"https:\/\/www.tahitiplaisirs.com\/en\/wp-json\/wp\/v2\/product_brand?post=5354"},{"taxonomy":"product_cat","embeddable":true,"href":"https:\/\/www.tahitiplaisirs.com\/en\/wp-json\/wp\/v2\/product_cat?post=5354"},{"taxonomy":"product_tag","embeddable":true,"href":"https:\/\/www.tahitiplaisirs.com\/en\/wp-json\/wp\/v2\/product_tag?post=5354"}],"curies":[{"name":"wp","href":"https:\/\/api.w.org\/{rel}","templated":true}]}}