{"id":5361,"date":"2025-08-15T16:13:25","date_gmt":"2025-08-16T02:13:25","guid":{"rendered":"https:\/\/www.tahitiplaisirs.com\/?post_type=product&#038;p=5361"},"modified":"2026-04-18T13:46:05","modified_gmt":"2026-04-18T23:46:05","slug":"alpha-strip-bleu","status":"publish","type":"product","link":"https:\/\/www.tahitiplaisirs.com\/en\/product\/alpha-strip-bleu\/","title":{"rendered":"Alpha Strip bleu"},"content":{"rendered":"","protected":false},"excerpt":{"rendered":"<p>Alpha Strip bleu<\/p>\n<p>L&rsquo;Alpha Strip est compact et discret, tout en permettant aux puissants ingr\u00e9dients naturels d&rsquo;augmenter vos performances.<\/p>\n<p>Il a \u00e9t\u00e9 prouv\u00e9 qu&rsquo;il agit SEPT FOIS plus rapidement qu&rsquo;une g\u00e9lule.<\/p>\n<p>Placez simplement la bandelette sur ou sous votre langue.<\/p>\n<p>Les effets sont activ\u00e9s lorsque la stimulation se produit.<\/p>\n<p>Prenez 1 feuille entre 30 minutes et 2 heures avant l&rsquo;activit\u00e9 sexuelle.<\/p>\n<p>Ne prenez pas plus de 2 bandelettes par 24 heures. Les effets peuvent durer jusqu&rsquo;\u00e0 12 heures.<\/p>","protected":false},"featured_media":7690,"template":"","meta":[],"product_brand":[],"product_cat":[51,55],"product_tag":[],"class_list":{"0":"post-5361","1":"product","2":"type-product","3":"status-publish","4":"has-post-thumbnail","6":"product_cat-pour-lui","7":"product_cat-stimulants-hommes","10":"instock","11":"purchasable","12":"product-type-simple","13":"product-grid-view"},"_links":{"self":[{"href":"https:\/\/www.tahitiplaisirs.com\/en\/wp-json\/wp\/v2\/product\/5361","targetHints":{"allow":["GET"]}}],"collection":[{"href":"https:\/\/www.tahitiplaisirs.com\/en\/wp-json\/wp\/v2\/product"}],"about":[{"href":"https:\/\/www.tahitiplaisirs.com\/en\/wp-json\/wp\/v2\/types\/product"}],"version-history":[{"count":3,"href":"https:\/\/www.tahitiplaisirs.com\/en\/wp-json\/wp\/v2\/product\/5361\/revisions"}],"predecessor-version":[{"id":9368,"href":"https:\/\/www.tahitiplaisirs.com\/en\/wp-json\/wp\/v2\/product\/5361\/revisions\/9368"}],"wp:featuredmedia":[{"embeddable":true,"href":"https:\/\/www.tahitiplaisirs.com\/en\/wp-json\/wp\/v2\/media\/7690"}],"wp:attachment":[{"href":"https:\/\/www.tahitiplaisirs.com\/en\/wp-json\/wp\/v2\/media?parent=5361"}],"wp:term":[{"taxonomy":"product_brand","embeddable":true,"href":"https:\/\/www.tahitiplaisirs.com\/en\/wp-json\/wp\/v2\/product_brand?post=5361"},{"taxonomy":"product_cat","embeddable":true,"href":"https:\/\/www.tahitiplaisirs.com\/en\/wp-json\/wp\/v2\/product_cat?post=5361"},{"taxonomy":"product_tag","embeddable":true,"href":"https:\/\/www.tahitiplaisirs.com\/en\/wp-json\/wp\/v2\/product_tag?post=5361"}],"curies":[{"name":"wp","href":"https:\/\/api.w.org\/{rel}","templated":true}]}}